{"id":104,"date":"2020-03-07T18:08:25","date_gmt":"2020-03-07T18:08:25","guid":{"rendered":"http:\/\/schwarzachangler.de\/?page_id=104"},"modified":"2020-03-23T21:43:05","modified_gmt":"2020-03-23T21:43:05","slug":"oberer-schlosserweiher","status":"publish","type":"page","link":"https:\/\/schwarzachangler.de\/?page_id=104","title":{"rendered":"Oberer Schlosserweiher"},"content":{"rendered":"\n<div class=\"wp-block-columns is-layout-flex wp-container-core-columns-is-layout-1 wp-block-columns-is-layout-flex\">\n<div class=\"wp-block-column is-layout-flow wp-block-column-is-layout-flow\" style=\"flex-basis:33.33%\">\n<p>Der obere\nSchlosserweiher ist seit jeher ein guter Treffpunkt. Direkt an unserer \u201eSebastiansh\u00fctte\u201c gelegen&nbsp; trifft man sich hier zum Angeln und\nAustausch.<\/p>\n\n\n\n<p>Der Weiher verf\u00fcgt \u00fcber eine gro\u00dfen Fischreichtum und ist\nf\u00fcr Raubfischangler immer f\u00fcr eine \u00dcberraschung gut.<\/p>\n<\/div>\n\n\n\n<div class=\"wp-block-column is-layout-flow wp-block-column-is-layout-flow\" style=\"flex-basis:66.66%\">\n<figure class=\"wp-block-image size-large\"><img loading=\"lazy\" decoding=\"async\" width=\"840\" height=\"505\" src=\"http:\/\/schwarzachangler.de\/wp-content\/uploads\/2020\/03\/HP_Oberer-Schlosserweiher.png\" alt=\"\" class=\"wp-image-356\" srcset=\"https:\/\/schwarzachangler.de\/wp-content\/uploads\/2020\/03\/HP_Oberer-Schlosserweiher.png 840w, https:\/\/schwarzachangler.de\/wp-content\/uploads\/2020\/03\/HP_Oberer-Schlosserweiher-300x180.png 300w, https:\/\/schwarzachangler.de\/wp-content\/uploads\/2020\/03\/HP_Oberer-Schlosserweiher-768x462.png 768w\" sizes=\"(max-width: 706px) 89vw, (max-width: 767px) 82vw, 740px\" \/><\/figure>\n\n\n\n<figure class=\"wp-block-image size-large\"><img loading=\"lazy\" decoding=\"async\" width=\"1024\" height=\"768\" src=\"http:\/\/schwarzachangler.de\/wp-content\/uploads\/2020\/03\/Oberer-Schlosserweiher-1024x768.jpg\" alt=\"\" class=\"wp-image-638\" srcset=\"https:\/\/schwarzachangler.de\/wp-content\/uploads\/2020\/03\/Oberer-Schlosserweiher-1024x768.jpg 1024w, https:\/\/schwarzachangler.de\/wp-content\/uploads\/2020\/03\/Oberer-Schlosserweiher-300x225.jpg 300w, https:\/\/schwarzachangler.de\/wp-content\/uploads\/2020\/03\/Oberer-Schlosserweiher-768x576.jpg 768w, https:\/\/schwarzachangler.de\/wp-content\/uploads\/2020\/03\/Oberer-Schlosserweiher-1536x1152.jpg 1536w, https:\/\/schwarzachangler.de\/wp-content\/uploads\/2020\/03\/Oberer-Schlosserweiher-2048x1536.jpg 2048w\" sizes=\"(max-width: 706px) 89vw, (max-width: 767px) 82vw, 740px\" \/><\/figure>\n<\/div>\n<\/div>\n\n\n\n<div class=\"wp-block-columns is-layout-flex wp-container-core-columns-is-layout-2 wp-block-columns-is-layout-flex\">\n<div class=\"wp-block-column is-layout-flow wp-block-column-is-layout-flow\" style=\"flex-basis:33.33%\">\n<p><strong>Hinweise:<\/strong><\/p>\n\n\n\n<p>Raubfisch frei vom 01.09. bis 31.12.<\/p>\n\n\n\n<p>Befahren der D\u00e4mme nicht gestattet!<\/p>\n\n\n\n<p>Befahren des Wiesenweges nicht gestattet!\n<\/p>\n<\/div>\n\n\n\n<div class=\"wp-block-column is-layout-flow wp-block-column-is-layout-flow\" style=\"flex-basis:66.66%\">\n[obschlosserweiher]\n<\/div>\n<\/div>\n","protected":false},"excerpt":{"rendered":"<p>Der obere Schlosserweiher ist seit jeher ein guter Treffpunkt. Direkt an unserer \u201eSebastiansh\u00fctte\u201c gelegen&nbsp; trifft man sich hier zum Angeln und Austausch. Der Weiher verf\u00fcgt \u00fcber eine gro\u00dfen Fischreichtum und ist f\u00fcr Raubfischangler immer f\u00fcr eine \u00dcberraschung gut. Hinweise: Raubfisch frei vom 01.09. bis 31.12. Befahren der D\u00e4mme nicht gestattet! Befahren des Wiesenweges nicht gestattet!<\/p>\n","protected":false},"author":1,"featured_media":0,"parent":18,"menu_order":0,"comment_status":"closed","ping_status":"closed","template":"","meta":{"footnotes":""},"class_list":["post-104","page","type-page","status-publish","hentry"],"_links":{"self":[{"href":"https:\/\/schwarzachangler.de\/index.php?rest_route=\/wp\/v2\/pages\/104"}],"collection":[{"href":"https:\/\/schwarzachangler.de\/index.php?rest_route=\/wp\/v2\/pages"}],"about":[{"href":"https:\/\/schwarzachangler.de\/index.php?rest_route=\/wp\/v2\/types\/page"}],"author":[{"embeddable":true,"href":"https:\/\/schwarzachangler.de\/index.php?rest_route=\/wp\/v2\/users\/1"}],"replies":[{"embeddable":true,"href":"https:\/\/schwarzachangler.de\/index.php?rest_route=%2Fwp%2Fv2%2Fcomments&post=104"}],"version-history":[{"count":6,"href":"https:\/\/schwarzachangler.de\/index.php?rest_route=\/wp\/v2\/pages\/104\/revisions"}],"predecessor-version":[{"id":660,"href":"https:\/\/schwarzachangler.de\/index.php?rest_route=\/wp\/v2\/pages\/104\/revisions\/660"}],"up":[{"embeddable":true,"href":"https:\/\/schwarzachangler.de\/index.php?rest_route=\/wp\/v2\/pages\/18"}],"wp:attachment":[{"href":"https:\/\/schwarzachangler.de\/index.php?rest_route=%2Fwp%2Fv2%2Fmedia&parent=104"}],"curies":[{"name":"wp","href":"https:\/\/api.w.org\/{rel}","templated":true}]}}