{"id":112,"date":"2020-03-07T18:09:34","date_gmt":"2020-03-07T18:09:34","guid":{"rendered":"http:\/\/schwarzachangler.de\/?page_id=112"},"modified":"2022-01-03T10:16:20","modified_gmt":"2022-01-03T10:16:20","slug":"unterer-roeckersbuehler-weiher","status":"publish","type":"page","link":"https:\/\/schwarzachangler.de\/?page_id=112","title":{"rendered":"Unterer R\u00f6ckersb\u00fchler Weiher"},"content":{"rendered":"\n<div class=\"wp-block-columns is-layout-flex wp-container-core-columns-is-layout-1 wp-block-columns-is-layout-flex\">\n<div class=\"wp-block-column is-layout-flow wp-block-column-is-layout-flow\" style=\"flex-basis:33.33%\">\n<p>Der untere R\u00f6ckersb\u00fchler Weiher ist unser ultimatives Wasser f\u00fcr \u201egro\u00dfe Brocken\u201c.<\/p>\n\n\n\n<p>Waller, Hecht und Zander gehen hier an den Haken, aber auch\nso mancher gro\u00dfe Grasfisch oder Karpfen wurde hier schon gefangen.<\/p>\n\n\n\n<p>Der Weiher liegt nahe der Ortschaft R\u00f6ckersb\u00fchl.<\/p>\n<\/div>\n\n\n\n<div class=\"wp-block-column is-layout-flow wp-block-column-is-layout-flow\" style=\"flex-basis:66.66%\">\n<figure class=\"wp-block-image size-large\"><img loading=\"lazy\" decoding=\"async\" width=\"881\" height=\"345\" src=\"http:\/\/schwarzachangler.de\/wp-content\/uploads\/2020\/03\/HP_Unt-R\u00f6ckersb\u00fchler-Weiher.png\" alt=\"\" class=\"wp-image-365\" srcset=\"https:\/\/schwarzachangler.de\/wp-content\/uploads\/2020\/03\/HP_Unt-R\u00f6ckersb\u00fchler-Weiher.png 881w, https:\/\/schwarzachangler.de\/wp-content\/uploads\/2020\/03\/HP_Unt-R\u00f6ckersb\u00fchler-Weiher-300x117.png 300w, https:\/\/schwarzachangler.de\/wp-content\/uploads\/2020\/03\/HP_Unt-R\u00f6ckersb\u00fchler-Weiher-768x301.png 768w\" sizes=\"(max-width: 706px) 89vw, (max-width: 767px) 82vw, 740px\" \/><figcaption>Unterer R\u00f6cksersb\u00fchler Weiher &#8211; ganz rechts<\/figcaption><\/figure>\n\n\n\n<figure class=\"wp-block-image size-large\"><img loading=\"lazy\" decoding=\"async\" width=\"1024\" height=\"768\" src=\"http:\/\/schwarzachangler.de\/wp-content\/uploads\/2020\/03\/R\u00f6ckersb\u00fchler-Weiher-1024x768.jpg\" alt=\"\" class=\"wp-image-639\" srcset=\"https:\/\/schwarzachangler.de\/wp-content\/uploads\/2020\/03\/R\u00f6ckersb\u00fchler-Weiher-1024x768.jpg 1024w, https:\/\/schwarzachangler.de\/wp-content\/uploads\/2020\/03\/R\u00f6ckersb\u00fchler-Weiher-300x225.jpg 300w, https:\/\/schwarzachangler.de\/wp-content\/uploads\/2020\/03\/R\u00f6ckersb\u00fchler-Weiher-768x576.jpg 768w, https:\/\/schwarzachangler.de\/wp-content\/uploads\/2020\/03\/R\u00f6ckersb\u00fchler-Weiher-1536x1152.jpg 1536w, https:\/\/schwarzachangler.de\/wp-content\/uploads\/2020\/03\/R\u00f6ckersb\u00fchler-Weiher-2048x1536.jpg 2048w\" sizes=\"(max-width: 706px) 89vw, (max-width: 767px) 82vw, 740px\" \/><\/figure>\n<\/div>\n<\/div>\n\n\n\n<div class=\"wp-block-columns is-layout-flex wp-container-core-columns-is-layout-2 wp-block-columns-is-layout-flex\">\n<div class=\"wp-block-column is-layout-flow wp-block-column-is-layout-flow\" style=\"flex-basis:33.33%\">\n<p> <strong>Raubfisch frei vom 01.05. bis 31.12.  <\/strong><\/p>\n<\/div>\n\n\n\n<div class=\"wp-block-column is-layout-flow wp-block-column-is-layout-flow\" style=\"flex-basis:66.66%\">\n[untrckw]\n<\/div>\n<\/div>\n\n\n\n<p><\/p>\n","protected":false},"excerpt":{"rendered":"<p>Der untere R\u00f6ckersb\u00fchler Weiher ist unser ultimatives Wasser f\u00fcr \u201egro\u00dfe Brocken\u201c. Waller, Hecht und Zander gehen hier an den Haken, aber auch so mancher gro\u00dfe Grasfisch oder Karpfen wurde hier schon gefangen. Der Weiher liegt nahe der Ortschaft R\u00f6ckersb\u00fchl. Raubfisch frei vom 01.05. bis 31.12.<\/p>\n","protected":false},"author":1,"featured_media":0,"parent":18,"menu_order":0,"comment_status":"closed","ping_status":"closed","template":"","meta":{"footnotes":""},"class_list":["post-112","page","type-page","status-publish","hentry"],"_links":{"self":[{"href":"https:\/\/schwarzachangler.de\/index.php?rest_route=\/wp\/v2\/pages\/112"}],"collection":[{"href":"https:\/\/schwarzachangler.de\/index.php?rest_route=\/wp\/v2\/pages"}],"about":[{"href":"https:\/\/schwarzachangler.de\/index.php?rest_route=\/wp\/v2\/types\/page"}],"author":[{"embeddable":true,"href":"https:\/\/schwarzachangler.de\/index.php?rest_route=\/wp\/v2\/users\/1"}],"replies":[{"embeddable":true,"href":"https:\/\/schwarzachangler.de\/index.php?rest_route=%2Fwp%2Fv2%2Fcomments&post=112"}],"version-history":[{"count":7,"href":"https:\/\/schwarzachangler.de\/index.php?rest_route=\/wp\/v2\/pages\/112\/revisions"}],"predecessor-version":[{"id":1306,"href":"https:\/\/schwarzachangler.de\/index.php?rest_route=\/wp\/v2\/pages\/112\/revisions\/1306"}],"up":[{"embeddable":true,"href":"https:\/\/schwarzachangler.de\/index.php?rest_route=\/wp\/v2\/pages\/18"}],"wp:attachment":[{"href":"https:\/\/schwarzachangler.de\/index.php?rest_route=%2Fwp%2Fv2%2Fmedia&parent=112"}],"curies":[{"name":"wp","href":"https:\/\/api.w.org\/{rel}","templated":true}]}}