{"id":1208,"date":"2021-06-19T05:18:41","date_gmt":"2021-06-19T05:18:41","guid":{"rendered":"http:\/\/schwarzachangler.de\/?page_id=1208"},"modified":"2025-08-19T06:50:48","modified_gmt":"2025-08-19T06:50:48","slug":"corona-verhaltensregeln","status":"publish","type":"page","link":"https:\/\/schwarzachangler.de\/?page_id=1208","title":{"rendered":"Corona-Verhaltensregeln"},"content":{"rendered":"\n<p>Corona-Verhaltensregeln f\u00fcr den Fischereiverein Forchheim-Oberm\u00e4ssing e.V.<\/p>\n\n\n\n<h1 class=\"wp-block-heading\">Informationen zu Corona<\/h1>\n\n\n\n<p>Der Katastrophenfall Corona wurde aufgehoben.<\/p>\n\n\n\n<p>Dennoch ist uns <strong>der Schutz unserer G\u00e4ste, Besucher und Mitglieder vor einer Corona-Infektion sehr wichtig. <\/strong><\/p>\n\n\n\n<p>Daher gilt bei unseren Veranstaltungen: <\/p>\n\n\n\n<p><strong>Wer Symptome hat und krank ist, bleibt daheim, um andere nicht anzustecken!<\/strong><\/p>\n\n\n\n<p><\/p>\n\n\n\n<p>Wie bei anderen akuten Atemwegserkrankungen gilt auch bei einer Infektion mit dem Coronavirus SARSCoV-2 die Empfehlung: Wer krank ist, bleibt daheim, um andere nicht anzustecken. Sollten Sie \u00e4rztliche Hilfe ben\u00f6tigen, wenden Sie sich an Ihre Haus\u00e4rztin oder Ihren Hausarzt.<\/p>\n\n\n\n<p>Sollten Sie einer Risikogruppe angeh\u00f6ren, insbesondere eine Vorerkrankung haben, die das Corona-Risiko erh\u00f6ht, sprechen Sie bitte mit Ihrem Vorstand dar\u00fcber.<\/p>\n\n\n\n<p>Der Vorstand<\/p>\n\n\n\n<p><\/p>\n","protected":false},"excerpt":{"rendered":"<p>Corona-Verhaltensregeln f\u00fcr den Fischereiverein Forchheim-Oberm\u00e4ssing e.V. Informationen zu Corona Der Katastrophenfall Corona wurde aufgehoben. Dennoch ist uns der Schutz unserer G\u00e4ste, Besucher und Mitglieder vor einer Corona-Infektion sehr wichtig. Daher gilt bei unseren Veranstaltungen: Wer Symptome hat und krank ist, bleibt daheim, um andere nicht anzustecken! Wie bei anderen akuten Atemwegserkrankungen gilt auch bei einer &hellip; <\/p>\n<p class=\"link-more\"><a href=\"https:\/\/schwarzachangler.de\/?page_id=1208\" class=\"more-link\"><span class=\"screen-reader-text\">\u201eCorona-Verhaltensregeln\u201c<\/span> weiterlesen<\/a><\/p>\n","protected":false},"author":2,"featured_media":0,"parent":561,"menu_order":1,"comment_status":"closed","ping_status":"closed","template":"","meta":{"footnotes":""},"class_list":["post-1208","page","type-page","status-publish","hentry"],"_links":{"self":[{"href":"https:\/\/schwarzachangler.de\/index.php?rest_route=\/wp\/v2\/pages\/1208"}],"collection":[{"href":"https:\/\/schwarzachangler.de\/index.php?rest_route=\/wp\/v2\/pages"}],"about":[{"href":"https:\/\/schwarzachangler.de\/index.php?rest_route=\/wp\/v2\/types\/page"}],"author":[{"embeddable":true,"href":"https:\/\/schwarzachangler.de\/index.php?rest_route=\/wp\/v2\/users\/2"}],"replies":[{"embeddable":true,"href":"https:\/\/schwarzachangler.de\/index.php?rest_route=%2Fwp%2Fv2%2Fcomments&post=1208"}],"version-history":[{"count":8,"href":"https:\/\/schwarzachangler.de\/index.php?rest_route=\/wp\/v2\/pages\/1208\/revisions"}],"predecessor-version":[{"id":1619,"href":"https:\/\/schwarzachangler.de\/index.php?rest_route=\/wp\/v2\/pages\/1208\/revisions\/1619"}],"up":[{"embeddable":true,"href":"https:\/\/schwarzachangler.de\/index.php?rest_route=\/wp\/v2\/pages\/561"}],"wp:attachment":[{"href":"https:\/\/schwarzachangler.de\/index.php?rest_route=%2Fwp%2Fv2%2Fmedia&parent=1208"}],"curies":[{"name":"wp","href":"https:\/\/api.w.org\/{rel}","templated":true}]}}