{"id":14,"date":"2020-03-07T15:41:55","date_gmt":"2020-03-07T15:41:55","guid":{"rendered":"http:\/\/schwarzachangler.de\/?page_id=14"},"modified":"2020-11-29T16:15:27","modified_gmt":"2020-11-29T16:15:27","slug":"navigation-oben-der-verin","status":"publish","type":"page","link":"https:\/\/schwarzachangler.de\/?page_id=14","title":{"rendered":"Vereinschronik 1980 &#8211; 2020"},"content":{"rendered":"\n<p><strong>07.03.1980<\/strong> <strong>Vereinsgr\u00fcndung <\/strong>hier erhielt der Verein seinen jetzigen Namen und wurde erstmals ins Vereinsregister eingetragen.<\/p>\n\n\n\n<p><strong>24.04.1980<\/strong> Mitgliedschaft im Fischereiverband Mittelfranken<\/p>\n\n\n\n<p><strong>27.06.1980<\/strong> Vorstellung des Vereins in der \u00d6ffentlichkeit<\/p>\n\n\n\n<p><strong>13.07.1980<\/strong> Erster Fischerk\u00f6nig \u2013 Gustav Wirth<\/p>\n\n\n\n<p><strong>04.04.1981<\/strong> Durchf\u00fchrung des ersten Verbandsarbeitsdienstes (Umweltschutztag) \u2013 wird bis heute von allen Mitgliedern 1x j\u00e4hrlich durchgef\u00fchrt.<\/p>\n\n\n\n<p><strong>01.10. 1981<\/strong> Pacht der Schlosserweiher &#8211; das Herzst\u00fcck unserer Vereins-Gew\u00e4sser<\/p>\n\n\n\n<figure class=\"wp-block-image size-large is-resized\"><img loading=\"lazy\" decoding=\"async\" src=\"http:\/\/schwarzachangler.de\/wp-content\/uploads\/2020\/10\/02120019-1024x768.jpg\" alt=\"\" class=\"wp-image-1009\" width=\"494\" height=\"370\" srcset=\"https:\/\/schwarzachangler.de\/wp-content\/uploads\/2020\/10\/02120019-1024x768.jpg 1024w, https:\/\/schwarzachangler.de\/wp-content\/uploads\/2020\/10\/02120019-300x225.jpg 300w, https:\/\/schwarzachangler.de\/wp-content\/uploads\/2020\/10\/02120019-768x576.jpg 768w, https:\/\/schwarzachangler.de\/wp-content\/uploads\/2020\/10\/02120019-1536x1152.jpg 1536w, https:\/\/schwarzachangler.de\/wp-content\/uploads\/2020\/10\/02120019-2048x1536.jpg 2048w\" sizes=\"(max-width: 494px) 100vw, 494px\" \/><figcaption>1982  Volksfestzug in Freystadt<\/figcaption><\/figure>\n\n\n\n<p><strong>10.06.1982<\/strong> Erste Teilnahme des Fischereivereins Forchheim-Oberm\u00e4ssing am Festzug zum Freyst\u00e4dter Volksfest<\/p>\n\n\n\n<figure class=\"wp-block-image size-large is-resized\"><img loading=\"lazy\" decoding=\"async\" src=\"http:\/\/schwarzachangler.de\/wp-content\/uploads\/2020\/10\/Bild-011-scaled.jpg\" alt=\"\" class=\"wp-image-1002\" width=\"501\" height=\"332\" srcset=\"https:\/\/schwarzachangler.de\/wp-content\/uploads\/2020\/10\/Bild-011-scaled.jpg 2560w, https:\/\/schwarzachangler.de\/wp-content\/uploads\/2020\/10\/Bild-011-300x199.jpg 300w, https:\/\/schwarzachangler.de\/wp-content\/uploads\/2020\/10\/Bild-011-768x510.jpg 768w\" sizes=\"(max-width: 501px) 100vw, 501px\" \/><figcaption><em>Gruppenbild mit Reinhard Rossmark anl\u00e4sslich Volksfestzug \u00b485<\/em><\/figcaption><\/figure>\n\n\n\n<p><strong>20.12.1985<\/strong> Unser 1. Vorstand Reinhard Rossmark verungl\u00fcckte nachts t\u00f6dlich<\/p>\n\n\n\n<figure class=\"wp-block-image size-large is-resized\"><img loading=\"lazy\" decoding=\"async\" src=\"http:\/\/schwarzachangler.de\/wp-content\/uploads\/2020\/10\/Portr\u00e4t-Rossmark.jpg\" alt=\"\" class=\"wp-image-1020\" width=\"200\" height=\"232\" srcset=\"https:\/\/schwarzachangler.de\/wp-content\/uploads\/2020\/10\/Portr\u00e4t-Rossmark.jpg 373w, https:\/\/schwarzachangler.de\/wp-content\/uploads\/2020\/10\/Portr\u00e4t-Rossmark-258x300.jpg 258w\" sizes=\"(max-width: 200px) 100vw, 200px\" \/><figcaption>Reinhard Rossmark <\/figcaption><\/figure>\n\n\n\n<p><strong>07.03.1986<\/strong> Wahl von Max Netter zum ersten Vorstand<\/p>\n\n\n\n<p><strong>01.05.1987<\/strong> Erster Gewinner des Reinhard-Rossmark-Ged\u00e4chtnis-Pokals wird &nbsp;Xaver Dirsch<\/p>\n\n\n\n<p><strong>11.04.1987<\/strong> Abfischen und Auflassung des sog. Kanallochs f\u00fcr den Bau des RMD-Kanals durch die Vereinsmitglieder.<\/p>\n\n\n\n<p><strong>1988 <\/strong>Einweihung des \u201eFischerbrunnes\u201c in Freystadt. Gestiftet von Josef Meyer als Anerkennung f\u00fcr den Beitrag der Fischer an einer intakten Natur.<\/p>\n\n\n\n<p><strong>01.10.1990<\/strong> Bau der neuen Fischerh\u00fctte und Namensgebung \u201eSebastian\u00b4s H\u00fctte\u201c an den Schlosserweihern bei Ohausen.<\/p>\n\n\n\n<figure class=\"wp-block-image size-large is-resized\"><img loading=\"lazy\" decoding=\"async\" src=\"http:\/\/schwarzachangler.de\/wp-content\/uploads\/2020\/03\/Schlosserweiher_Luftbild_02-1024x804.jpg\" alt=\"\" class=\"wp-image-640\" width=\"530\" height=\"416\" srcset=\"https:\/\/schwarzachangler.de\/wp-content\/uploads\/2020\/03\/Schlosserweiher_Luftbild_02-1024x804.jpg 1024w, https:\/\/schwarzachangler.de\/wp-content\/uploads\/2020\/03\/Schlosserweiher_Luftbild_02-300x236.jpg 300w, https:\/\/schwarzachangler.de\/wp-content\/uploads\/2020\/03\/Schlosserweiher_Luftbild_02-768x603.jpg 768w, https:\/\/schwarzachangler.de\/wp-content\/uploads\/2020\/03\/Schlosserweiher_Luftbild_02-1536x1206.jpg 1536w, https:\/\/schwarzachangler.de\/wp-content\/uploads\/2020\/03\/Schlosserweiher_Luftbild_02-2048x1609.jpg 2048w\" sizes=\"(max-width: 530px) 100vw, 530px\" \/><figcaption><em>Luftaufnahme Schlosser Weiher Ohausen<\/em><\/figcaption><\/figure>\n\n\n\n<p><strong>01.05.1991<\/strong> Einweihung und erstmalige Befischung des neu geschaffenen Main-Donau Kanals.<\/p>\n\n\n\n<p><strong>25.09. \u2013 27.09.1992<\/strong> Offizielle Einweihung des Rhein-Main-Donau Kanals.<\/p>\n\n\n\n<figure class=\"wp-block-image size-large is-resized\"><img loading=\"lazy\" decoding=\"async\" src=\"http:\/\/schwarzachangler.de\/wp-content\/uploads\/2020\/10\/Scan10011-1024x623.jpg\" alt=\"\" class=\"wp-image-1022\" width=\"529\" height=\"322\" srcset=\"https:\/\/schwarzachangler.de\/wp-content\/uploads\/2020\/10\/Scan10011-1024x623.jpg 1024w, https:\/\/schwarzachangler.de\/wp-content\/uploads\/2020\/10\/Scan10011-300x183.jpg 300w, https:\/\/schwarzachangler.de\/wp-content\/uploads\/2020\/10\/Scan10011-768x467.jpg 768w, https:\/\/schwarzachangler.de\/wp-content\/uploads\/2020\/10\/Scan10011-1536x935.jpg 1536w, https:\/\/schwarzachangler.de\/wp-content\/uploads\/2020\/10\/Scan10011-2048x1246.jpg 2048w\" sizes=\"(max-width: 529px) 100vw, 529px\" \/><figcaption><em>erfolgreichste Angler zur Kanaleinweihung 1992<\/em><\/figcaption><\/figure>\n\n\n\n<p><strong>01.07.1995<\/strong> Erstmalige Teilnahme am Altstadtfest der Stadt Freystadt<\/p>\n\n\n\n<p><strong>01.03.1996<\/strong> Fertigstellung der Ger\u00e4teh\u00fctte unter Aufsicht und Anleitung unseres verdienten Mitglied Sebatian (Wastl) Stark.<\/p>\n\n\n\n<figure class=\"wp-block-image size-large is-resized\"><img loading=\"lazy\" decoding=\"async\" src=\"http:\/\/schwarzachangler.de\/wp-content\/uploads\/2020\/03\/02130258-1024x768.jpg\" alt=\"\" class=\"wp-image-686\" width=\"536\" height=\"401\" srcset=\"https:\/\/schwarzachangler.de\/wp-content\/uploads\/2020\/03\/02130258-1024x768.jpg 1024w, https:\/\/schwarzachangler.de\/wp-content\/uploads\/2020\/03\/02130258-300x225.jpg 300w, https:\/\/schwarzachangler.de\/wp-content\/uploads\/2020\/03\/02130258-768x576.jpg 768w, https:\/\/schwarzachangler.de\/wp-content\/uploads\/2020\/03\/02130258-1536x1152.jpg 1536w, https:\/\/schwarzachangler.de\/wp-content\/uploads\/2020\/03\/02130258-2048x1536.jpg 2048w\" sizes=\"(max-width: 536px) 100vw, 536px\" \/><figcaption><em>Wastl mit einem kapitalen Graskarpfen<\/em><\/figcaption><\/figure>\n\n\n\n<p><strong>25.09.1996<\/strong> Spatenstich zur Renaturierung der Schwarzach zwischen Rotheichenm\u00fchle und Forchheim.<\/p>\n\n\n\n<p><strong>01.03.1997<\/strong> Entlandung und renaturierung des Altwassers in Rohr durch den Fischereiverein.<\/p>\n\n\n\n<p><img loading=\"lazy\" decoding=\"async\" width=\"231\" height=\"248\" src=\"\"><strong>22.08.1999<\/strong> Fischerk\u00f6nig Rudolf Krehan mit Rekordkarpfen von 24 Pfund<\/p>\n\n\n\n<figure class=\"wp-block-image size-large is-resized\"><img loading=\"lazy\" decoding=\"async\" src=\"http:\/\/schwarzachangler.de\/wp-content\/uploads\/2020\/03\/Krehan-24-Pf\u00fcnder-II.jpg\" alt=\"\" class=\"wp-image-685\" width=\"370\" height=\"547\" srcset=\"https:\/\/schwarzachangler.de\/wp-content\/uploads\/2020\/03\/Krehan-24-Pf\u00fcnder-II.jpg 568w, https:\/\/schwarzachangler.de\/wp-content\/uploads\/2020\/03\/Krehan-24-Pf\u00fcnder-II-203x300.jpg 203w\" sizes=\"(max-width: 370px) 100vw, 370px\" \/><figcaption><em>Rudi sen. mit seinem K\u00f6nigskarpfen<\/em><\/figcaption><\/figure>\n\n\n\n<p><strong>Seit 2002<\/strong> Drastische Zunahme der Kormoran-Population an den Gew\u00e4ssern und insbesondere der Schwarzach<\/p>\n\n\n\n<p><strong>02.11.2002 <\/strong>Beginn unseres aktiven Beitrags zum Artenschutz \u2013 Besatz der Schwarzach mit 1900 Nasen. Von da ab j\u00e4hrliche Besatzma\u00dfnahme als fester Bestandteil des Programms etabliert.<\/p>\n\n\n\n<p><strong>05.09.2003<\/strong> Erstes Schnupperfischen f\u00fcr Kinder veranstaltet.<\/p>\n\n\n\n<p><strong>24.09.2004<\/strong> Wiederum im Rahmen des Artenhilfsprogramms in der Schwarzach ausgestorbene Fischarten wie Nase, Rutte und Barbe besetzt.<\/p>\n\n\n\n<p><strong>2005<\/strong> Neuwahlen &#8211; Max Netter in seinem Amt als 1. Vorstand best\u00e4tigt.<\/p>\n\n\n\n<p>2.Vorstand Alois H\u00e4ring kandidiert nach \u00fcber 25 Jahren nicht mehr f\u00fcr das Amt und wird zum Ehrenmitglied ernannt. Als sein Nachfolger wurde Franz Deuerler aus Forchheim gew\u00e4hlt.<\/p>\n\n\n\n<p><img loading=\"lazy\" decoding=\"async\" width=\"232\" height=\"338\" src=\"\">.<\/p>\n\n\n\n<figure class=\"wp-block-image size-large is-resized\"><img loading=\"lazy\" decoding=\"async\" src=\"http:\/\/schwarzachangler.de\/wp-content\/uploads\/2020\/10\/Max-Netter-und-Alois_01-703x1024.jpg\" alt=\"\" class=\"wp-image-1025\" width=\"418\" height=\"608\" srcset=\"https:\/\/schwarzachangler.de\/wp-content\/uploads\/2020\/10\/Max-Netter-und-Alois_01-703x1024.jpg 703w, https:\/\/schwarzachangler.de\/wp-content\/uploads\/2020\/10\/Max-Netter-und-Alois_01-206x300.jpg 206w, https:\/\/schwarzachangler.de\/wp-content\/uploads\/2020\/10\/Max-Netter-und-Alois_01-768x1119.jpg 768w, https:\/\/schwarzachangler.de\/wp-content\/uploads\/2020\/10\/Max-Netter-und-Alois_01-1055x1536.jpg 1055w, https:\/\/schwarzachangler.de\/wp-content\/uploads\/2020\/10\/Max-Netter-und-Alois_01-1406x2048.jpg 1406w, https:\/\/schwarzachangler.de\/wp-content\/uploads\/2020\/10\/Max-Netter-und-Alois_01.jpg 1617w\" sizes=\"(max-width: 418px) 100vw, 418px\" \/><figcaption><em>Max Netter und Alois H\u00e4ring, seit 1980 ein Team<\/em><\/figcaption><\/figure>\n\n\n\n<p><strong>14.10.2005<\/strong> Aufnahme im Fischereiverband Oberpfalz<\/p>\n\n\n\n<p><strong>10.08.2007<\/strong> Kauf des G\u00e4nsm\u00fchlweihers<\/p>\n\n\n\n<figure class=\"wp-block-image size-large is-resized\"><img loading=\"lazy\" decoding=\"async\" src=\"http:\/\/schwarzachangler.de\/wp-content\/uploads\/2020\/03\/HP_G\u00e4nsm\u00fchlweiher_Bild1-1.jpg\" alt=\"\" class=\"wp-image-272\" width=\"514\" height=\"329\" srcset=\"https:\/\/schwarzachangler.de\/wp-content\/uploads\/2020\/03\/HP_G\u00e4nsm\u00fchlweiher_Bild1-1.jpg 623w, https:\/\/schwarzachangler.de\/wp-content\/uploads\/2020\/03\/HP_G\u00e4nsm\u00fchlweiher_Bild1-1-300x192.jpg 300w\" sizes=\"(max-width: 514px) 100vw, 514px\" \/><figcaption>G\u00e4nsm\u00fchlweiher<\/figcaption><\/figure>\n\n\n\n<p><strong>2010<\/strong> Neuwahlen &#8211; Max Netter in seinem Amt als 1. Vorstand best\u00e4tigt.<\/p>\n\n\n\n<p><strong>2015 <\/strong>Neuwahlen &#8211; Max Netter in seinem Amt als 1. Vorstand best\u00e4tigt.<\/p>\n\n\n\n<p><strong>06.03.2020 <\/strong>Neuwahlen &#8211; Max Netter kandidiert nach \u00fcber 34 Jahren nicht mehr f\u00fcr das Amt und wird zum Ehrenmitglied ernannt.<\/p>\n\n\n\n<p>Seine Nachfolge tritt Rudi Krehan aus Forchheim an. Rudi ist bereits seit fr\u00fchester Kindheit mit dem Verein verbunden und ein aktiver Fischer.<\/p>\n\n\n\n<figure class=\"wp-block-image size-large is-resized\"><img loading=\"lazy\" decoding=\"async\" src=\"http:\/\/schwarzachangler.de\/wp-content\/uploads\/2020\/03\/2020-03-06-JHV_Rudi_Max_03-1024x904.jpg\" alt=\"\" class=\"wp-image-318\" width=\"492\" height=\"434\" srcset=\"https:\/\/schwarzachangler.de\/wp-content\/uploads\/2020\/03\/2020-03-06-JHV_Rudi_Max_03-1024x904.jpg 1024w, https:\/\/schwarzachangler.de\/wp-content\/uploads\/2020\/03\/2020-03-06-JHV_Rudi_Max_03-300x265.jpg 300w, https:\/\/schwarzachangler.de\/wp-content\/uploads\/2020\/03\/2020-03-06-JHV_Rudi_Max_03-768x678.jpg 768w, https:\/\/schwarzachangler.de\/wp-content\/uploads\/2020\/03\/2020-03-06-JHV_Rudi_Max_03-1536x1357.jpg 1536w, https:\/\/schwarzachangler.de\/wp-content\/uploads\/2020\/03\/2020-03-06-JHV_Rudi_Max_03.jpg 1969w\" sizes=\"(max-width: 492px) 100vw, 492px\" \/><\/figure>\n\n\n\n<p>Fischereiverein Forchheim-Oberm<img loading=\"lazy\" decoding=\"async\" width=\"259\" height=\"390\" src=\"\">\u00e4ssing e.V.<\/p>\n\n\n\n<div class=\"wp-block-image\"><figure class=\"aligncenter size-large is-resized\"><img loading=\"lazy\" decoding=\"async\" src=\"http:\/\/schwarzachangler.de\/wp-content\/uploads\/2020\/03\/Logo_FV_01-1-e1583783774778.jpg\" alt=\"\" class=\"wp-image-226\" width=\"157\" height=\"99\"\/><\/figure><\/div>\n\n\n\n<p><\/p>\n","protected":false},"excerpt":{"rendered":"<p>07.03.1980 Vereinsgr\u00fcndung hier erhielt der Verein seinen jetzigen Namen und wurde erstmals ins Vereinsregister eingetragen. 24.04.1980 Mitgliedschaft im Fischereiverband Mittelfranken 27.06.1980 Vorstellung des Vereins in der \u00d6ffentlichkeit 13.07.1980 Erster Fischerk\u00f6nig \u2013 Gustav Wirth 04.04.1981 Durchf\u00fchrung des ersten Verbandsarbeitsdienstes (Umweltschutztag) \u2013 wird bis heute von allen Mitgliedern 1x j\u00e4hrlich durchgef\u00fchrt. 01.10. 1981 Pacht der Schlosserweiher &#8211; &hellip; <\/p>\n<p class=\"link-more\"><a href=\"https:\/\/schwarzachangler.de\/?page_id=14\" class=\"more-link\"><span class=\"screen-reader-text\">\u201eVereinschronik 1980 &#8211; 2020\u201c<\/span> weiterlesen<\/a><\/p>\n","protected":false},"author":1,"featured_media":0,"parent":63,"menu_order":0,"comment_status":"closed","ping_status":"closed","template":"","meta":{"footnotes":""},"class_list":["post-14","page","type-page","status-publish","hentry"],"_links":{"self":[{"href":"https:\/\/schwarzachangler.de\/index.php?rest_route=\/wp\/v2\/pages\/14"}],"collection":[{"href":"https:\/\/schwarzachangler.de\/index.php?rest_route=\/wp\/v2\/pages"}],"about":[{"href":"https:\/\/schwarzachangler.de\/index.php?rest_route=\/wp\/v2\/types\/page"}],"author":[{"embeddable":true,"href":"https:\/\/schwarzachangler.de\/index.php?rest_route=\/wp\/v2\/users\/1"}],"replies":[{"embeddable":true,"href":"https:\/\/schwarzachangler.de\/index.php?rest_route=%2Fwp%2Fv2%2Fcomments&post=14"}],"version-history":[{"count":18,"href":"https:\/\/schwarzachangler.de\/index.php?rest_route=\/wp\/v2\/pages\/14\/revisions"}],"predecessor-version":[{"id":1067,"href":"https:\/\/schwarzachangler.de\/index.php?rest_route=\/wp\/v2\/pages\/14\/revisions\/1067"}],"up":[{"embeddable":true,"href":"https:\/\/schwarzachangler.de\/index.php?rest_route=\/wp\/v2\/pages\/63"}],"wp:attachment":[{"href":"https:\/\/schwarzachangler.de\/index.php?rest_route=%2Fwp%2Fv2%2Fmedia&parent=14"}],"curies":[{"name":"wp","href":"https:\/\/api.w.org\/{rel}","templated":true}]}}