{"id":234,"date":"2020-03-08T20:32:39","date_gmt":"2020-03-08T20:32:39","guid":{"rendered":"http:\/\/schwarzachangler.de\/?page_id=234"},"modified":"2026-01-06T16:23:05","modified_gmt":"2026-01-06T16:23:05","slug":"schonmasse-und-schonzeiten","status":"publish","type":"page","link":"https:\/\/schwarzachangler.de\/?page_id=234","title":{"rendered":"Schonma\u00dfe und Schonzeiten"},"content":{"rendered":"\n<p><strong>Erlaubnis zur Fischereiaus\u00fcbung an den Vereinsgew\u00e4ssern<\/strong><\/p>\n\n\n\n<p> <strong>Aktive Mitglieder<\/strong><\/p>\n\n\n\n<p>Der Fischereiverein Forchheim-Oberm\u00e4ssing erlaubt als Fischereip\u00e4chter den Aktiven Mitgliedern mit der \u00dcbergabe des Fangbuchs, in folgenden Fischwasserstrecken mit zwei Handangeln zu fischen: <\/p>\n\n\n\n<p>1. Schwarzach Rohr bis Oberm\u00e4ssing einschl. Altwasser Rohr<\/p>\n\n\n\n<p>2. Oberer Schlosserweiher bei Ohausen <\/p>\n\n\n\n<p>3. Unterer Schlosserweiher bei Ohausen <\/p>\n\n\n\n<p>4. Winterung bei Ohausen <\/p>\n\n\n\n<p>5. Gro\u00dfer Richthofer Weiher <\/p>\n\n\n\n<p>6. Herrenweiher Sulzkirchen <\/p>\n\n\n\n<p>7. Unterer R\u00f6ckersb\u00fchler Weiher <\/p>\n\n\n\n<p>8. Mittlerer R\u00f6ckersb\u00fchler Weiher<\/p>\n\n\n\n<p>9. G\u00e4nsm\u00fchler Weiher bei Hofen<\/p>\n\n\n\n<p>10. M\u00fchlbachweiher bei Forchheim<\/p>\n\n\n\n<p>12. Gro\u00dfer Kiesenhofener Weiher<\/p>\n\n\n\n<p> <strong>Passive Mitglieder <\/strong><\/p>\n\n\n\n<p>HINWEIS: Gastfischer ( nur mit g\u00fcltigen Fischereischein) k\u00f6nnen mit Tageskarten nur f\u00fcr die Schwarzach bei Oberm\u00e4ssing  angeln.<\/p>\n\n\n\n<p>Die \u00fcbrigen Vereinsgew\u00e4sser sind den Vereinsmitgliedern vorbehalten.<\/p>\n\n\n\n<p><strong>Fangbeschr\u00e4nkungen<br>f\u00fcr Vereinsgew\u00e4sser<\/strong><\/p>\n\n\n\n<p> 1. In allen Gew\u00e4ssern d\u00fcrfen pro Jahr insgesamt nur 5 Raubfische (Hecht, Zander, Waller) gefangen werden, allerdings nur 1 Raubfisch pro Woche.&nbsp; Woche ist von Montag bis Sonntag. Waller aus der Schwarzach z\u00e4hlen nicht. <\/p>\n\n\n\n<p>2. In jedem Gew\u00e4sser d\u00fcrfen pro Tag zwei Fische folgender Art gefangen werden: Karpfen, Schleie, Forelle. <\/p>\n\n\n\n<p>3. Je Fischweiher d\u00fcrfen pro Jahr insgesamt nur 5 Karpfen und Schleien gefangen werden. <\/p>\n\n\n\n<p>4. Andere Fische, au\u00dfer den genannten, unterliegen keiner Fangbeschr\u00e4nkung. <\/p>\n\n\n\n<p>5. Vereinsinterne Schonzeiten und Schonma\u00dfe sind zu beachten. <\/p>\n\n\n\n<p><\/p>\n\n\n\n<figure class=\"wp-block-table is-style-stripes\"><table class=\"has-background\" style=\"background-color:#e9fbe5\"><tbody><tr><td class=\"has-text-align-left\" data-align=\"left\"><strong>Vorgeschriebene   Mindestgr\u00f6\u00dfe <\/strong>   <\/td><td class=\"has-text-align-right\" data-align=\"right\">\n  <strong>\n<\/strong>\n  <\/td><td><\/td><td class=\"has-text-align-left\" data-align=\"left\">\n  <strong>Schonzeit<\/strong><strong>\n<\/strong>\n  <\/td><\/tr><tr><td class=\"has-text-align-left\" data-align=\"left\">\n  Barbe\n\n  <\/td><td class=\"has-text-align-right\" data-align=\"right\">&#8212;  <\/td><td><\/td><td class=\"has-text-align-left\" data-align=\"left\">ganzj\u00e4hrig gesperrt  (Artenhilfsprogramm)   <\/td><\/tr><tr><td class=\"has-text-align-left\" data-align=\"left\">   Hecht  &#8211; Weiher                                <\/td><td class=\"has-text-align-right\" data-align=\"right\">                    60cm          <\/td><td><\/td><td class=\"has-text-align-left\" data-align=\"left\">1. Januar bis 30. April                                        <\/td><\/tr><tr><td class=\"has-text-align-left\" data-align=\"left\">         Hecht  &#8211; Schwarzach <\/td><td class=\"has-text-align-right\" data-align=\"right\">60cm<\/td><td><\/td><td class=\"has-text-align-left\" data-align=\"left\">1. Januar bis 30. April   <\/td><\/tr><tr><td class=\"has-text-align-left\" data-align=\"left\">\n  Schleie\n\n  <\/td><td class=\"has-text-align-right\" data-align=\"right\">28cm   <\/td><td><\/td><td class=\"has-text-align-left\" data-align=\"left\">\n  &#8211;\n\n  <\/td><\/tr><tr><td class=\"has-text-align-left\" data-align=\"left\">\n  Karpfen\n\n  <\/td><td class=\"has-text-align-right\" data-align=\"right\">35cm   <\/td><td><\/td><td class=\"has-text-align-left\" data-align=\"left\">\n  &#8211;\n\n  <\/td><\/tr><tr><td class=\"has-text-align-left\" data-align=\"left\">  Aal<br><\/td><td class=\"has-text-align-right\" data-align=\"right\">50cm   <\/td><td><\/td><td class=\"has-text-align-left\" data-align=\"left\">\n  &#8211;\n\n  <\/td><\/tr><tr><td class=\"has-text-align-left\" data-align=\"left\">\n  Bachforelle\n\n  <\/td><td class=\"has-text-align-right\" data-align=\"right\">28cm   <\/td><td><\/td><td class=\"has-text-align-left\" data-align=\"left\">1. Oktober bis 28.Februar   <\/td><\/tr><tr><td class=\"has-text-align-left\" data-align=\"left\">\n  Regenbogenforelle\n\n  <\/td><td class=\"has-text-align-right\" data-align=\"right\">28cm   <\/td><td><\/td><td class=\"has-text-align-left\" data-align=\"left\">15. Dezember bis 15.April   <\/td><\/tr><tr><td class=\"has-text-align-left\" data-align=\"left\">\n  Grasfisch\n\n  <\/td><td class=\"has-text-align-right\" data-align=\"right\">50cm   <\/td><td><\/td><td class=\"has-text-align-left\" data-align=\"left\">\n  &#8211;\n\n  <\/td><\/tr><tr><td class=\"has-text-align-left\" data-align=\"left\">  Zander  &#8211; Weiher<\/td><td class=\"has-text-align-right\" data-align=\"right\">50cm <\/td><td><\/td><td class=\"has-text-align-left\" data-align=\"left\">1. Januar   bis 30. April                                   <\/td><\/tr><tr><td class=\"has-text-align-left\" data-align=\"left\">        Zander  &#8211; Schwarzach <\/td><td class=\"has-text-align-right\" data-align=\"right\">50cm<\/td><td><\/td><td class=\"has-text-align-left\" data-align=\"left\">1. Januar   bis 30. April <\/td><\/tr><tr><td class=\"has-text-align-left\" data-align=\"left\">    Waller   (in den Weihern)<\/td><td class=\"has-text-align-right\" data-align=\"right\">70cm   <\/td><td><\/td><td class=\"has-text-align-left\" data-align=\"left\">1. Januar bis 30. April   <\/td><\/tr><tr><td class=\"has-text-align-left\" data-align=\"left\">    Rutte   <\/td><td class=\"has-text-align-right\" data-align=\"right\">      40cm   <\/td><td><\/td><td class=\"has-text-align-left\" data-align=\"left\">&#8211;    <\/td><\/tr><\/tbody><\/table><\/figure>\n\n\n\n<p><strong>Mindestgr\u00f6\u00dfen und Schonzeiten<\/strong>&nbsp; \n<\/p>\n\n\n\n<p>F\u00fcr alle nicht aufgef\u00fchrten Fischarten gelten die gesetzlichen Schonma\u00dfe und Schonzeiten des Bayerischen Fischereigesetzes und der Bezirksfischereiverordnung des Bezirkes Oberpfalz bzw. Mittelfranken.<strong> <\/strong><\/p>\n\n\n\n<p><\/p>\n\n\n\n<p><strong>Ganzj\u00e4hrig gesch\u00fctzte Tierarten<\/strong><br> Bachneunauge, Bartgrundel, Bitterling, Flu\u00dfneunauge, Kilch, Lachs, Maifisch, Perlfisch, Schlammpeitzger, Schneider, Schr\u00e4tzer, Stichling, Steinbei\u00dfer, Steingre\u00dfling, Sterlet, Stichling, St\u00f6r, Streber, Str\u00f6mer, Zingel, Zope sowie alle Muschelarten, Stein- und Edelkrebse. <\/p>\n","protected":false},"excerpt":{"rendered":"<p>Erlaubnis zur Fischereiaus\u00fcbung an den Vereinsgew\u00e4ssern Aktive Mitglieder Der Fischereiverein Forchheim-Oberm\u00e4ssing erlaubt als Fischereip\u00e4chter den Aktiven Mitgliedern mit der \u00dcbergabe des Fangbuchs, in folgenden Fischwasserstrecken mit zwei Handangeln zu fischen: 1. Schwarzach Rohr bis Oberm\u00e4ssing einschl. Altwasser Rohr 2. Oberer Schlosserweiher bei Ohausen 3. Unterer Schlosserweiher bei Ohausen 4. Winterung bei Ohausen 5. Gro\u00dfer Richthofer &hellip; <\/p>\n<p class=\"link-more\"><a href=\"https:\/\/schwarzachangler.de\/?page_id=234\" class=\"more-link\"><span class=\"screen-reader-text\">\u201eSchonma\u00dfe und Schonzeiten\u201c<\/span> weiterlesen<\/a><\/p>\n","protected":false},"author":2,"featured_media":0,"parent":63,"menu_order":0,"comment_status":"closed","ping_status":"closed","template":"","meta":{"footnotes":""},"class_list":["post-234","page","type-page","status-publish","hentry"],"_links":{"self":[{"href":"https:\/\/schwarzachangler.de\/index.php?rest_route=\/wp\/v2\/pages\/234"}],"collection":[{"href":"https:\/\/schwarzachangler.de\/index.php?rest_route=\/wp\/v2\/pages"}],"about":[{"href":"https:\/\/schwarzachangler.de\/index.php?rest_route=\/wp\/v2\/types\/page"}],"author":[{"embeddable":true,"href":"https:\/\/schwarzachangler.de\/index.php?rest_route=\/wp\/v2\/users\/2"}],"replies":[{"embeddable":true,"href":"https:\/\/schwarzachangler.de\/index.php?rest_route=%2Fwp%2Fv2%2Fcomments&post=234"}],"version-history":[{"count":23,"href":"https:\/\/schwarzachangler.de\/index.php?rest_route=\/wp\/v2\/pages\/234\/revisions"}],"predecessor-version":[{"id":1663,"href":"https:\/\/schwarzachangler.de\/index.php?rest_route=\/wp\/v2\/pages\/234\/revisions\/1663"}],"up":[{"embeddable":true,"href":"https:\/\/schwarzachangler.de\/index.php?rest_route=\/wp\/v2\/pages\/63"}],"wp:attachment":[{"href":"https:\/\/schwarzachangler.de\/index.php?rest_route=%2Fwp%2Fv2%2Fmedia&parent=234"}],"curies":[{"name":"wp","href":"https:\/\/api.w.org\/{rel}","templated":true}]}}