{"id":327,"date":"2020-03-10T20:04:01","date_gmt":"2020-03-10T20:04:01","guid":{"rendered":"http:\/\/schwarzachangler.de\/?page_id=327"},"modified":"2020-03-13T15:39:10","modified_gmt":"2020-03-13T15:39:10","slug":"unterer-schlosserweiher-2","status":"publish","type":"page","link":"https:\/\/schwarzachangler.de\/?page_id=327","title":{"rendered":"Unterer Schlosserweiher"},"content":{"rendered":"\n<div class=\"wp-block-columns is-layout-flex wp-container-core-columns-is-layout-1 wp-block-columns-is-layout-flex\">\n<div class=\"wp-block-column is-layout-flow wp-block-column-is-layout-flow\" style=\"flex-basis:33.33%\">\n<p>Der untere\nSchlosserweiher liegt sehr ruhig und ist an zwei Seiten vom Wald umgeben. <\/p>\n\n\n\n<p>Der Weiher hat einen gro\u00dfen Bestand an Karpfen, und ist immer f\u00fcr einen kapitalen Fang gut. Hier wurde unser bisher gr\u00f6\u00dfter Grasfisch gefangen welcher \u00fcber 8000gr. Auf die Waage brachte. <\/p>\n<\/div>\n\n\n\n<div class=\"wp-block-column is-layout-flow wp-block-column-is-layout-flow\" style=\"flex-basis:66.66%\">\n<figure class=\"wp-block-image size-large\"><img loading=\"lazy\" decoding=\"async\" width=\"409\" height=\"457\" src=\"http:\/\/schwarzachangler.de\/wp-content\/uploads\/2020\/03\/HP_Unterer-Schlosserweiher_Bild1.jpg\" alt=\"\" class=\"wp-image-367\" srcset=\"https:\/\/schwarzachangler.de\/wp-content\/uploads\/2020\/03\/HP_Unterer-Schlosserweiher_Bild1.jpg 409w, https:\/\/schwarzachangler.de\/wp-content\/uploads\/2020\/03\/HP_Unterer-Schlosserweiher_Bild1-268x300.jpg 268w\" sizes=\"(max-width: 409px) 100vw, 409px\" \/><\/figure>\n<\/div>\n<\/div>\n\n\n\n<div class=\"wp-block-columns is-layout-flex wp-container-core-columns-is-layout-2 wp-block-columns-is-layout-flex\">\n<div class=\"wp-block-column is-layout-flow wp-block-column-is-layout-flow\" style=\"flex-basis:33.33%\">\n<p><strong>Hinweise:<\/strong><\/p>\n\n\n\n<p>Raubfisch frei vom 01.09. bis 31.12.<\/p>\n\n\n\n<p>Befahren der D\u00e4mme nicht gestattet!\n<\/p>\n<\/div>\n\n\n\n<div class=\"wp-block-column is-layout-flow wp-block-column-is-layout-flow\" style=\"flex-basis:66.66%\">\n[untschlosserweiher]\n<\/div>\n<\/div>\n\n\n\n<h3 class=\"wp-block-heading\"><\/h3>\n\n\n\n<p><\/p>\n","protected":false},"excerpt":{"rendered":"<p>Der untere Schlosserweiher liegt sehr ruhig und ist an zwei Seiten vom Wald umgeben. Der Weiher hat einen gro\u00dfen Bestand an Karpfen, und ist immer f\u00fcr einen kapitalen Fang gut. Hier wurde unser bisher gr\u00f6\u00dfter Grasfisch gefangen welcher \u00fcber 8000gr. Auf die Waage brachte. Hinweise: Raubfisch frei vom 01.09. bis 31.12. Befahren der D\u00e4mme nicht &hellip; <\/p>\n<p class=\"link-more\"><a href=\"https:\/\/schwarzachangler.de\/?page_id=327\" class=\"more-link\"><span class=\"screen-reader-text\">\u201eUnterer Schlosserweiher\u201c<\/span> weiterlesen<\/a><\/p>\n","protected":false},"author":2,"featured_media":0,"parent":18,"menu_order":0,"comment_status":"closed","ping_status":"closed","template":"","meta":{"footnotes":""},"class_list":["post-327","page","type-page","status-publish","hentry"],"_links":{"self":[{"href":"https:\/\/schwarzachangler.de\/index.php?rest_route=\/wp\/v2\/pages\/327"}],"collection":[{"href":"https:\/\/schwarzachangler.de\/index.php?rest_route=\/wp\/v2\/pages"}],"about":[{"href":"https:\/\/schwarzachangler.de\/index.php?rest_route=\/wp\/v2\/types\/page"}],"author":[{"embeddable":true,"href":"https:\/\/schwarzachangler.de\/index.php?rest_route=\/wp\/v2\/users\/2"}],"replies":[{"embeddable":true,"href":"https:\/\/schwarzachangler.de\/index.php?rest_route=%2Fwp%2Fv2%2Fcomments&post=327"}],"version-history":[{"count":4,"href":"https:\/\/schwarzachangler.de\/index.php?rest_route=\/wp\/v2\/pages\/327\/revisions"}],"predecessor-version":[{"id":439,"href":"https:\/\/schwarzachangler.de\/index.php?rest_route=\/wp\/v2\/pages\/327\/revisions\/439"}],"up":[{"embeddable":true,"href":"https:\/\/schwarzachangler.de\/index.php?rest_route=\/wp\/v2\/pages\/18"}],"wp:attachment":[{"href":"https:\/\/schwarzachangler.de\/index.php?rest_route=%2Fwp%2Fv2%2Fmedia&parent=327"}],"curies":[{"name":"wp","href":"https:\/\/api.w.org\/{rel}","templated":true}]}}