{"id":329,"date":"2020-03-10T20:05:16","date_gmt":"2020-03-10T20:05:16","guid":{"rendered":"http:\/\/schwarzachangler.de\/?page_id=329"},"modified":"2020-03-23T21:44:07","modified_gmt":"2020-03-23T21:44:07","slug":"winterung-ohausen","status":"publish","type":"page","link":"https:\/\/schwarzachangler.de\/?page_id=329","title":{"rendered":"Winterung Ohausen"},"content":{"rendered":"\n<div class=\"wp-block-columns is-layout-flex wp-container-core-columns-is-layout-1 wp-block-columns-is-layout-flex\">\n<div class=\"wp-block-column is-layout-flow wp-block-column-is-layout-flow\" style=\"flex-basis:33.33%\">\n<p>Die Winterung bei Ohausen geh\u00f6rt zur Weihergruppe\n\u201eSchlosserweiher\u201c.<\/p>\n\n\n\n<p>Der Weiher ist von 2 Seiten gut befahrbar, und l\u00e4dt zum\nVerweilen an unserer Fischerh\u00fctte ein. <\/p>\n\n\n\n<p>Die Insel im Weiher und der Schilfg\u00fcrtel bieten ein\nspannendes Revier f\u00fcr so manch kapitalen Hecht oder Zander.\n<\/p>\n<\/div>\n\n\n\n<div class=\"wp-block-column is-layout-flow wp-block-column-is-layout-flow\" style=\"flex-basis:66.66%\">\n<figure class=\"wp-block-image size-large\"><img loading=\"lazy\" decoding=\"async\" width=\"626\" height=\"544\" src=\"http:\/\/schwarzachangler.de\/wp-content\/uploads\/2020\/03\/HP_Winterung-Ohausen.png\" alt=\"\" class=\"wp-image-369\" srcset=\"https:\/\/schwarzachangler.de\/wp-content\/uploads\/2020\/03\/HP_Winterung-Ohausen.png 626w, https:\/\/schwarzachangler.de\/wp-content\/uploads\/2020\/03\/HP_Winterung-Ohausen-300x261.png 300w\" sizes=\"(max-width: 626px) 100vw, 626px\" \/><figcaption>Winterung an der Weihergruppe &#8220;Schlosserweiher&#8221;<\/figcaption><\/figure>\n<\/div>\n<\/div>\n\n\n\n<div class=\"wp-block-columns is-layout-flex wp-container-core-columns-is-layout-2 wp-block-columns-is-layout-flex\">\n<div class=\"wp-block-column is-layout-flow wp-block-column-is-layout-flow\" style=\"flex-basis:33.33%\">\n<p><strong>Hinweise:<\/strong><\/p>\n\n\n\n<p>Raubfisch frei vom 01.09. bis 31.12.<\/p>\n\n\n\n<p><\/p>\n<\/div>\n\n\n\n<div class=\"wp-block-column is-layout-flow wp-block-column-is-layout-flow\" style=\"flex-basis:66.66%\">\n<figure class=\"wp-block-image size-large\"><img loading=\"lazy\" decoding=\"async\" width=\"1024\" height=\"768\" src=\"http:\/\/schwarzachangler.de\/wp-content\/uploads\/2020\/03\/Winterung-Ohausen-1024x768.jpg\" alt=\"\" class=\"wp-image-641\" srcset=\"https:\/\/schwarzachangler.de\/wp-content\/uploads\/2020\/03\/Winterung-Ohausen-1024x768.jpg 1024w, https:\/\/schwarzachangler.de\/wp-content\/uploads\/2020\/03\/Winterung-Ohausen-300x225.jpg 300w, https:\/\/schwarzachangler.de\/wp-content\/uploads\/2020\/03\/Winterung-Ohausen-768x576.jpg 768w, https:\/\/schwarzachangler.de\/wp-content\/uploads\/2020\/03\/Winterung-Ohausen-1536x1152.jpg 1536w, https:\/\/schwarzachangler.de\/wp-content\/uploads\/2020\/03\/Winterung-Ohausen-2048x1536.jpg 2048w\" sizes=\"(max-width: 706px) 89vw, (max-width: 767px) 82vw, 740px\" \/><\/figure>\n\n\n\n[winterung]\n<\/div>\n<\/div>\n","protected":false},"excerpt":{"rendered":"<p>Die Winterung bei Ohausen geh\u00f6rt zur Weihergruppe \u201eSchlosserweiher\u201c. Der Weiher ist von 2 Seiten gut befahrbar, und l\u00e4dt zum Verweilen an unserer Fischerh\u00fctte ein. Die Insel im Weiher und der Schilfg\u00fcrtel bieten ein spannendes Revier f\u00fcr so manch kapitalen Hecht oder Zander. Hinweise: Raubfisch frei vom 01.09. bis 31.12.<\/p>\n","protected":false},"author":2,"featured_media":0,"parent":18,"menu_order":0,"comment_status":"closed","ping_status":"closed","template":"","meta":{"footnotes":""},"class_list":["post-329","page","type-page","status-publish","hentry"],"_links":{"self":[{"href":"https:\/\/schwarzachangler.de\/index.php?rest_route=\/wp\/v2\/pages\/329"}],"collection":[{"href":"https:\/\/schwarzachangler.de\/index.php?rest_route=\/wp\/v2\/pages"}],"about":[{"href":"https:\/\/schwarzachangler.de\/index.php?rest_route=\/wp\/v2\/types\/page"}],"author":[{"embeddable":true,"href":"https:\/\/schwarzachangler.de\/index.php?rest_route=\/wp\/v2\/users\/2"}],"replies":[{"embeddable":true,"href":"https:\/\/schwarzachangler.de\/index.php?rest_route=%2Fwp%2Fv2%2Fcomments&post=329"}],"version-history":[{"count":6,"href":"https:\/\/schwarzachangler.de\/index.php?rest_route=\/wp\/v2\/pages\/329\/revisions"}],"predecessor-version":[{"id":661,"href":"https:\/\/schwarzachangler.de\/index.php?rest_route=\/wp\/v2\/pages\/329\/revisions\/661"}],"up":[{"embeddable":true,"href":"https:\/\/schwarzachangler.de\/index.php?rest_route=\/wp\/v2\/pages\/18"}],"wp:attachment":[{"href":"https:\/\/schwarzachangler.de\/index.php?rest_route=%2Fwp%2Fv2%2Fmedia&parent=329"}],"curies":[{"name":"wp","href":"https:\/\/api.w.org\/{rel}","templated":true}]}}