{"id":392,"date":"2020-03-10T20:56:40","date_gmt":"2020-03-10T20:56:40","guid":{"rendered":"http:\/\/schwarzachangler.de\/?page_id=392"},"modified":"2022-01-03T10:18:37","modified_gmt":"2022-01-03T10:18:37","slug":"schwarzach-freystadt-schmellnricht-2","status":"publish","type":"page","link":"https:\/\/schwarzachangler.de\/?page_id=392","title":{"rendered":"Schwarzach Freystadt &#8211; Schmellnricht"},"content":{"rendered":"\n<div class=\"wp-block-columns is-layout-flex wp-container-core-columns-is-layout-1 wp-block-columns-is-layout-flex\">\n<div class=\"wp-block-column is-layout-flow wp-block-column-is-layout-flow\" style=\"flex-basis:33.33%\">\n<p>Untiefen, Sandb\u00e4nke, tiefe Gr\u00e4ben und Altwasser zeichnen\ndiesen l\u00e4ngsten Schwarzachabschnitt aus.<\/p>\n\n\n\n<p>Durch zahlreiche Renaturierungsma\u00dfnahmen der letzten Jahrzehnte ist unsere Schwarzach wieder ein\nvielseitiges und spannendes Angelgew\u00e4sser. <\/p>\n\n\n\n<p>J\u00e4hrlich werden mehrere Hechte \u00fcber 80cm und\nzwischenzeitlich auch Waller \u00fcber 1m gefangen.<\/p>\n\n\n\n<p>Aber auch starke Karpfen, Schleie, Aal, Brachse, und Zander kommen in gro\u00dfer Zahl im Fl\u00fcsschen vor.<\/p>\n<\/div>\n\n\n\n<div class=\"wp-block-column is-layout-flow wp-block-column-is-layout-flow\" style=\"flex-basis:66.66%\">\n<figure class=\"wp-block-image size-large\"><img loading=\"lazy\" decoding=\"async\" width=\"1024\" height=\"681\" src=\"http:\/\/schwarzachangler.de\/wp-content\/uploads\/2020\/03\/Schwarzach_Forchheim-2-1024x681.jpg\" alt=\"\" class=\"wp-image-376\" srcset=\"https:\/\/schwarzachangler.de\/wp-content\/uploads\/2020\/03\/Schwarzach_Forchheim-2-1024x681.jpg 1024w, https:\/\/schwarzachangler.de\/wp-content\/uploads\/2020\/03\/Schwarzach_Forchheim-2-300x199.jpg 300w, https:\/\/schwarzachangler.de\/wp-content\/uploads\/2020\/03\/Schwarzach_Forchheim-2-768x511.jpg 768w, https:\/\/schwarzachangler.de\/wp-content\/uploads\/2020\/03\/Schwarzach_Forchheim-2.jpg 1155w\" sizes=\"(max-width: 706px) 89vw, (max-width: 767px) 82vw, 740px\" \/><\/figure>\n\n\n\n<figure class=\"wp-block-image size-large\"><img loading=\"lazy\" decoding=\"async\" width=\"1024\" height=\"768\" src=\"https:\/\/schwarzachangler.de\/wp-content\/uploads\/2020\/03\/100_0245-1024x768.jpg\" alt=\"\" class=\"wp-image-734\" srcset=\"https:\/\/schwarzachangler.de\/wp-content\/uploads\/2020\/03\/100_0245-1024x768.jpg 1024w, https:\/\/schwarzachangler.de\/wp-content\/uploads\/2020\/03\/100_0245-300x225.jpg 300w, https:\/\/schwarzachangler.de\/wp-content\/uploads\/2020\/03\/100_0245-768x576.jpg 768w, https:\/\/schwarzachangler.de\/wp-content\/uploads\/2020\/03\/100_0245-1536x1152.jpg 1536w, https:\/\/schwarzachangler.de\/wp-content\/uploads\/2020\/03\/100_0245-2048x1536.jpg 2048w\" sizes=\"(max-width: 706px) 89vw, (max-width: 767px) 82vw, 740px\" \/><\/figure>\n<\/div>\n<\/div>\n\n\n\n<div class=\"wp-block-columns is-layout-flex wp-container-core-columns-is-layout-2 wp-block-columns-is-layout-flex\">\n<div class=\"wp-block-column is-layout-flow wp-block-column-is-layout-flow\" style=\"flex-basis:33.33%\">\n<p><strong>Hinweise:<\/strong><\/p>\n\n\n\n<p>Raubfisch frei vom 01.05. &nbsp;bis 31.12.\n<\/p>\n\n\n\n<p>Befahren der Wiesen nicht gestattet! <\/p>\n<\/div>\n\n\n\n<div class=\"wp-block-column is-layout-flow wp-block-column-is-layout-flow\" style=\"flex-basis:66.66%\">\n<figure class=\"wp-block-image size-large\"><img loading=\"lazy\" decoding=\"async\" width=\"330\" height=\"796\" src=\"https:\/\/schwarzachangler.de\/wp-content\/uploads\/2020\/03\/Gew\u00e4sserstrecke_Schwarzach-Schmellnricht.gif\" alt=\"\" class=\"wp-image-732\"\/><figcaption>Gew\u00e4sserstrecke Ohausen &#8211; Schmellnricht<\/figcaption><\/figure>\n<\/div>\n<\/div>\n","protected":false},"excerpt":{"rendered":"<p>Untiefen, Sandb\u00e4nke, tiefe Gr\u00e4ben und Altwasser zeichnen diesen l\u00e4ngsten Schwarzachabschnitt aus. Durch zahlreiche Renaturierungsma\u00dfnahmen der letzten Jahrzehnte ist unsere Schwarzach wieder ein vielseitiges und spannendes Angelgew\u00e4sser. J\u00e4hrlich werden mehrere Hechte \u00fcber 80cm und zwischenzeitlich auch Waller \u00fcber 1m gefangen. Aber auch starke Karpfen, Schleie, Aal, Brachse, und Zander kommen in gro\u00dfer Zahl im Fl\u00fcsschen vor. &hellip; <\/p>\n<p class=\"link-more\"><a href=\"https:\/\/schwarzachangler.de\/?page_id=392\" class=\"more-link\"><span class=\"screen-reader-text\">\u201eSchwarzach Freystadt &#8211; Schmellnricht\u201c<\/span> weiterlesen<\/a><\/p>\n","protected":false},"author":2,"featured_media":0,"parent":18,"menu_order":0,"comment_status":"closed","ping_status":"closed","template":"","meta":{"footnotes":""},"class_list":["post-392","page","type-page","status-publish","hentry"],"_links":{"self":[{"href":"https:\/\/schwarzachangler.de\/index.php?rest_route=\/wp\/v2\/pages\/392"}],"collection":[{"href":"https:\/\/schwarzachangler.de\/index.php?rest_route=\/wp\/v2\/pages"}],"about":[{"href":"https:\/\/schwarzachangler.de\/index.php?rest_route=\/wp\/v2\/types\/page"}],"author":[{"embeddable":true,"href":"https:\/\/schwarzachangler.de\/index.php?rest_route=\/wp\/v2\/users\/2"}],"replies":[{"embeddable":true,"href":"https:\/\/schwarzachangler.de\/index.php?rest_route=%2Fwp%2Fv2%2Fcomments&post=392"}],"version-history":[{"count":5,"href":"https:\/\/schwarzachangler.de\/index.php?rest_route=\/wp\/v2\/pages\/392\/revisions"}],"predecessor-version":[{"id":1308,"href":"https:\/\/schwarzachangler.de\/index.php?rest_route=\/wp\/v2\/pages\/392\/revisions\/1308"}],"up":[{"embeddable":true,"href":"https:\/\/schwarzachangler.de\/index.php?rest_route=\/wp\/v2\/pages\/18"}],"wp:attachment":[{"href":"https:\/\/schwarzachangler.de\/index.php?rest_route=%2Fwp%2Fv2%2Fmedia&parent=392"}],"curies":[{"name":"wp","href":"https:\/\/api.w.org\/{rel}","templated":true}]}}