{"id":42,"date":"2020-03-07T15:48:04","date_gmt":"2020-03-07T15:48:04","guid":{"rendered":"http:\/\/schwarzachangler.de\/?page_id=42"},"modified":"2020-03-27T06:41:06","modified_gmt":"2020-03-27T06:41:06","slug":"datenschutz","status":"publish","type":"page","link":"https:\/\/schwarzachangler.de\/?page_id=42","title":{"rendered":"Datenschutz"},"content":{"rendered":"\n<p><strong>Datenschutzerkl\u00e4rung<\/strong><\/p>\n\n\n\n<p><strong>Verantwortlicher f\u00fcr die Datenverarbeitung ist:<\/strong><br> Fischereiverein Forchheim-Oberm\u00e4ssing e.V.<\/p>\n\n\n\n<p>vertreten durch den Vorstand<\/p>\n\n\n\n<p>Rudi Krehan<br>Sandweg 1<br>92342 Freystadt<br>Deutschland<br> <br> webmaster@schwarzachangler.de<\/p>\n\n\n\n<p>Wir freuen uns \u00fcber Ihr Interesse an unserer Webseite. Der Schutz Ihrer Privatsph\u00e4re ist f\u00fcr uns sehr wichtig. Nachstehend informieren wir Sie ausf\u00fchrlich \u00fcber den Umgang mit Ihren Daten.<\/p>\n\n\n\n<p><strong>1.&nbsp;Zugriffsdaten und Hosting<\/strong><\/p>\n\n\n\n<p>Sie k\u00f6nnen unsere Webseiten besuchen, ohne Angaben zu Ihrer Person zu machen. Bei jedem Aufruf einer Webseite speichert der Webserver lediglich automatisch ein sogenanntes Server-Logfile, das z.B. den Namen der angeforderten Datei, Ihre IP-Adresse, Datum und Uhrzeit des Abrufs, \u00fcbertragene Datenmenge und den anfragenden Provider (Zugriffsdaten) enth\u00e4lt und den Abruf dokumentiert. <\/p>\n\n\n\n<p>Diese Zugriffsdaten werden ausschlie\u00dflich zum Zwecke der Sicherstellung eines st\u00f6rungsfreien Betriebs der Seite sowie der Verbesserung unserer Online-Pr\u00e4senz ausgewertet. Dies dient gem\u00e4\u00df Art. 6 Abs. 1 S. 1 lit. f DSGVO der Wahrung unserer im Rahmen einer Interessensabw\u00e4gung \u00fcberwiegenden berechtigten Interessen an einer korrekten Darstellung unserer Online-Pr\u00e4senz. Alle Zugriffsdaten werden sp\u00e4testens sieben Tage nach Ende Ihres Seitenbesuchs gel\u00f6scht. <\/p>\n\n\n\n<p><strong>Hostingdienstleistungen durch einen Drittanbieter<\/strong><br> Im Rahmen einer Verarbeitung in unserem Auftrag erbringt ein Drittanbieter f\u00fcr uns die Dienste zum Hosting und zur Darstellung der Webseite. Alle Daten, die im Rahmen der Nutzung dieser Webseite oder in daf\u00fcr vorgesehenen Formularen wie folgend beschrieben erhoben werden, werden auf seinen Servern verarbeitet. Eine Verarbeitung auf anderen Servern findet nur in dem hier erl\u00e4uterten Rahmen statt. <\/p>\n\n\n\n<p>Dieser Dienstleister sitzt innerhalb eines Landes der Europ\u00e4ischen Union oder des Europ\u00e4ischen Wirtschaftsraums.<\/p>\n\n\n\n<p><strong>2.&nbsp;Cookies<\/strong><\/p>\n\n\n\n<p>Um den Besuch unserer Website attraktiv zu gestalten und die Nutzung bestimmter Funktionen zu erm\u00f6glichen, um passende Produkte anzuzeigen oder zur Marktforschung verwenden wir auf verschiedenen Seiten sogenannte Cookies. Dies dient der Wahrung unserer im Rahmen einer Interessensabw\u00e4gung \u00fcberwiegenden berechtigten Interessen an einer optimierten Darstellung unseres Angebots gem\u00e4\u00df Art. 6 Abs. 1 S. 1 lit. f DSGVO. Cookies sind kleine Textdateien, die automatisch auf Ihrem Endger\u00e4t gespeichert werden. Einige der von uns verwendeten Cookies werden nach Ende der Browser-Sitzung, also nach Schlie\u00dfen Ihres Browsers, wieder gel\u00f6scht (sog. Sitzungs-Cookies). Andere Cookies verbleiben auf Ihrem Endger\u00e4t und erm\u00f6glichen uns, Ihren Browser beim n\u00e4chsten Besuch wiederzuerkennen (persistente Cookies). Die Dauer der Speicherung k\u00f6nnen Sie der \u00dcbersicht in den Cookie-Einstellungen Ihres Webbrowsers entnehmen. Sie k\u00f6nnen Ihren Browser so einstellen, dass Sie \u00fcber das Setzen von Cookies informiert werden und einzeln \u00fcber deren Annahme entscheiden oder die Annahme von Cookies f\u00fcr bestimmte F\u00e4lle oder generell ausschlie\u00dfen. Jeder Browser unterscheidet sich in der Art, wie er die Cookie-Einstellungen verwaltet. Diese ist in dem Hilfemen\u00fc jedes Browsers beschrieben, welches Ihnen erl\u00e4utert, wie Sie Ihre Cookie-Einstellungen \u00e4ndern k\u00f6nnen. Diese finden Sie f\u00fcr die jeweiligen Browser unter den folgenden Links:<\/p>\n\n\n\n<p><a href=\"https:\/\/support.microsoft.com\/de-de\/help\/17442\/windows-internet-explorer-delete-manage-cookies\" target=\"_blank\" rel=\"noreferrer noopener\">Internet Explorer\u2122<\/a><br> <a href=\"https:\/\/support.apple.com\/de-de\/guide\/safari\/sfri11471\/12.0\/mac\/10.14\" target=\"_blank\" rel=\"noreferrer noopener\">Safari\u2122<\/a><br> <a href=\"https:\/\/support.google.com\/chrome\/answer\/95647?hl=de&amp;hlrm=en\" target=\"_blank\" rel=\"noreferrer noopener\">Chrome\u2122<\/a><br> <a href=\"https:\/\/support.mozilla.org\/de\/kb\/cookies-erlauben-und-ablehnen\" target=\"_blank\" rel=\"noreferrer noopener\">Firefox\u2122<\/a><br> <a href=\"https:\/\/help.opera.com\/de\/latest\/web-preferences\/#cookies\" target=\"_blank\" rel=\"noreferrer noopener\">Opera\u2122<\/a><\/p>\n\n\n\n<p>Bei der Nichtannahme von Cookies kann die Funktionalit\u00e4t unserer Website eingeschr\u00e4nkt sein.<\/p>\n\n\n\n<p><strong>3.&nbsp;Online-Marketing<\/strong><\/p>\n\n\n\n<p><strong>Bing Maps<\/strong><br> Diese Website verwendet Bing Maps zur visuellen Darstellung von geographischen Informationen bzw. zur Bereitstellung eines Routenplaners. Bing Maps wird von Microsoft Corporation, One Microsoft Way, Redmond, WA 98052-6399 USA (nachfolgend: Microsoft) betrieben. Dies dient der Wahrung unserer im Rahmen einer Interessensabw\u00e4gung \u00fcberwiegenden berechtigten Interessen an einer optimierten Darstellung unseres Angebots sowie einer leichten Erreichbarkeit unserer Standorte gem\u00e4\u00df Art. 6 Abs. 1 lit. f) DSGVO.<br> Bei der Verwendung von Bing Maps werden von Microsoft Daten \u00fcber die Nutzung der Maps-Funktionen durch Webseitenbesucher \u00fcbermittelt bzw. verarbeitet, wozu insbesondere die IP-Adresse geh\u00f6ren kann. Der Webseitenbetreiber hat hierbei keinen Einfluss auf diese Datenverarbeitung.<br> Microsoft ist zertifiziert unter dem EU-US-Privacy Shield. Ein aktuelles Zertifikat kann <a href=\"https:\/\/www.privacyshield.gov\/participant?id=a2zt0000000KzNaAAK\" target=\"_blank\" rel=\"noreferrer noopener\">hier<\/a> eingesehen werden. Aufgrund dieses Abkommens zwischen den USA und der Europ\u00e4ischen Kommission hat letztere f\u00fcr unter dem Privacy Shield zertifizierte Unternehmen ein angemessenes Datenschutzniveau festgestellt. <br> Um den Service von Bing Maps zu deaktivieren und damit die Daten\u00fcbermittlung an Microsoft zu verhindern, m\u00fcssen Sie die Java-Script-Funktion in Ihrem Browser deaktivieren. In diesem Fall kann Bing Maps nicht bzw. nur eingeschr\u00e4nkt genutzt werden. <br> Weitergehende Informationen \u00fcber die Datenverarbeitung durch Microsoft finden Sie <a href=\"https:\/\/privacy.microsoft.com\/de-de\/privacystatement\" target=\"_blank\" rel=\"noreferrer noopener\">hier<\/a>. Die Nutzungsbedingungen von <a href=\"https:\/\/www.microsoft.com\/en-us\/maps\/product\/terms-april-2011\" target=\"_blank\" rel=\"noreferrer noopener\">Bing Maps<\/a> beinhalten detaillierte Informationen zum Kartendienst. <br> <\/p>\n\n\n\n<p><strong>Google Fonts<\/strong><br> Auf dieser Webseite ist der Script Code \u201eGoogle Fonts\u201c eingebunden. Google Fonts ist ein Angebot der Google Ireland Limited, einer nach irischem Recht eingetragenen und betriebenen Gesellschaft mit Sitz in Gordon House, Barrow Street, Dublin 4, Irland. (<a href=\"http:\/\/www.google.de\" target=\"_blank\" rel=\"noreferrer noopener\">www.google.de<\/a>). Dies dient der Wahrung unserer im Rahmen einer Interessensabw\u00e4gung \u00fcberwiegenden berechtigten Interessen an einer einheitlichen Darstellung der Inhalte auf unserer Webseite gem\u00e4\u00df Art. 6 Abs. 1 lit. f) DSGVO. In diesem Rahmen wird eine Verbindung zwischen dem von Ihnen verwendeten Browser und den Servern von Google hergestellt. Hierdurch erlangt Google Kenntnis dar\u00fcber, dass \u00fcber Ihre IP-Adresse unsere Webseite aufgerufen wurde.<br> Soweit Informationen auf Server von Google in den USA \u00fcbertragen und dort gespeichert werden, ist die amerikanische Gesellschaft Google LLC unter dem EU-US-Privacy Shield zertifiziert. Ein aktuelles Zertifikat kann <a href=\"https:\/\/www.privacyshield.gov\/list\" target=\"_blank\" rel=\"noreferrer noopener\">hier<\/a> eingesehen werden. Aufgrund dieses Abkommens zwischen den USA und der Europ\u00e4ischen Kommission hat letztere f\u00fcr unter dem Privacy Shield zertifizierte Unternehmen ein angemessenes Datenschutzniveau festgestellt. Weitergehende Informationen \u00fcber die Datenverarbeitung durch Google finden Sie in den <a href=\"https:\/\/policies.google.com\/privacy\" target=\"_blank\" rel=\"noreferrer noopener\">Datenschutzhinweisen<\/a> von Google.<\/p>\n\n\n\n<p><strong>4.&nbsp;Social Media<\/strong><\/p>\n\n\n\n<p><strong>Unsere Onlinepr\u00e4senz auf Facebook<\/strong><\/p>\n\n\n\n<p>Unsere Pr\u00e4senz auf sozialen Netzwerken und Plattformen dient einer besseren, aktiven Kommunikation mit unseren Kunden und Interessenten. Wir informieren dort \u00fcber unsere Produkte und laufende Sonderaktionen.<br> Bei dem Besuch unserer Onlinepr\u00e4senzen in sozialen Medien k\u00f6nnen Ihre Daten f\u00fcr Marktforschungs- und Werbezwecke automatisch erhoben und gespeichert werden. Aus diesen Daten werden unter Verwendung von Pseudonymen sog. Nutzungsprofile erstellt. Diese k\u00f6nnen verwendet werden, um z.B. Werbeanzeigen innerhalb und au\u00dferhalb der Plattformen zu schalten, die mutma\u00dflich Ihren Interessen entsprechen. Zu diesem Zweck werden im Regelfall Cookies auf Ihrem Endger\u00e4t eingesetzt. In diesen Cookies werden das Besucherverhalten und die Interessen der Nutzer gespeichert. Dies dient gem. Art. 6 Abs. 1 lit. f. DSGVO der Wahrung unserer im Rahmen einer Interessensabw\u00e4gung \u00fcberwiegenden berechtigten Interessen an einer optimierten Darstellung unseres Angebots und effektiver Kommunikation mit den Kunden und Interessenten. Falls Sie von den jeweiligen Social-Media Plattformbetreibern um eine Einwilligung (Einverst\u00e4ndnis) in die Datenverarbeitung gebeten werden, z.B. mit Hilfe einer Checkbox, ist die Rechtsgrundlage der Datenverarbeitung Art. 6 Abs. 1 lit. a DSGVO.<br> Soweit die vorgenannten Social-Media Plattformen ihren Hauptsitz in den USA haben, gilt Folgendes: F\u00fcr die USA liegt ein Angemessenheitsbeschluss der Europ\u00e4ischen Kommission vor. Dieser geht zur\u00fcck auf den EU-US Privacy Shield. Ein aktuelles Zertifikat f\u00fcr das jeweilige Unternehmen kann <a href=\"https:\/\/www.privacyshield.gov\/list\" target=\"_blank\" rel=\"noreferrer noopener\">hier<\/a> eingesehen werden.<br> Die detaillierten Informationen zur Verarbeitung und Nutzung der Daten durch die Anbieter auf deren Seiten sowie eine Kontaktm\u00f6glichkeit und Ihre diesbez\u00fcglichen Rechte und Einstellungsm\u00f6glichkeiten zum Schutz Ihrer Privatsph\u00e4re, insbesondere Widerspruchsm\u00f6glichkeiten (Opt-Out), entnehmen Sie bitte den unten verlinkten Datenschutzhinweisen der Anbieter. Sollten Sie diesbez\u00fcglich dennoch Hilfe ben\u00f6tigen, k\u00f6nnen Sie sich an uns wenden.<\/p>\n\n\n\n<p>Facebook: <a href=\"https:\/\/www.facebook.com\/about\/privacy\" target=\"_blank\" rel=\"noreferrer noopener\">https:\/\/www.facebook.com\/about\/privacy\/<\/a><br> Die Datenverarbeitung erfolgt auf Grundlage einer Vereinbarung zwischen gemeinsam Verantwortlichen gem\u00e4\u00df Art. 26 DSGVO, die Sie <a href=\"https:\/\/www.facebook.com\/legal\/terms\/page_controller_addendum\" target=\"_blank\" rel=\"noreferrer noopener\">hier<\/a> einsehen k\u00f6nnen.<br> Weitere Informationen zur Datenverarbeitung im Rahmen des Besuchs einer Facebook Fanpage (Informationen zu Insights-Daten) finden Sie <a href=\"https:\/\/www.facebook.com\/legal\/terms\/information_about_page_insights_data\" target=\"_blank\" rel=\"noreferrer noopener\">hier<\/a>.<\/p>\n\n\n\n<p>Widerspruchsm\u00f6glichkeit (Opt-Out):<\/p>\n\n\n\n<p>Facebook: <a href=\"https:\/\/www.facebook.com\/settings?tab=ads\" target=\"_blank\" rel=\"noreferrer noopener\">https:\/\/www.facebook.com\/settings?tab=ads<\/a><\/p>\n\n\n\n<p><strong>5.&nbsp;Kontaktm\u00f6glichkeiten und Ihre Rechte<\/strong><\/p>\n\n\n\n<p>Als Betroffener haben Sie folgende Rechte:<\/p>\n\n\n\n<ul class=\"wp-block-list\"><li>gem\u00e4\u00df Art. 15 DSGVO das Recht, in dem dort bezeichneten Umfang Auskunft \u00fcber Ihre von uns verarbeiteten personenbezogenen Daten zu verlangen;<\/li><li>gem\u00e4\u00df Art. 16 DSGVO das Recht, unverz\u00fcglich die Berichtigung unrichtiger oder Vervollst\u00e4ndigung Ihrer bei uns gespeicherten personenbezogenen Daten zu verlangen;<\/li><li>gem\u00e4\u00df Art. 17 DSGVO das Recht, die L\u00f6schung Ihrer bei uns gespeicherten personenbezogenen Daten zu verlangen, soweit nicht die weitere Verarbeitung <ul><li>zur Aus\u00fcbung des Rechts auf freie Meinungs\u00e4u\u00dferung und Information;<\/li><li>zur Erf\u00fcllung einer rechtlichen Verpflichtung;<\/li><li>aus Gr\u00fcnden des \u00f6ffentlichen Interesses oder<\/li><li>zur Geltendmachung, Aus\u00fcbung oder Verteidigung von Rechtsanspr\u00fcchen erforderlich ist;<\/li><\/ul> <\/li><li>gem\u00e4\u00df Art. 18 DSGVO das Recht, die Einschr\u00e4nkung der Verarbeitung Ihrer personenbezogenen Daten zu verlangen, soweit <ul><li>die Richtigkeit der Daten von Ihnen bestritten wird;<\/li><li>die Verarbeitung unrechtm\u00e4\u00dfig ist, Sie aber deren L\u00f6schung ablehnen;<\/li><li>wir die Daten nicht mehr ben\u00f6tigen, Sie diese jedoch zur Geltendmachung, Aus\u00fcbung oder Verteidigung von Rechtsanspr\u00fcchen ben\u00f6tigen oder<\/li><li>Sie gem\u00e4\u00df Art. 21 DSGVO Widerspruch gegen die Verarbeitung eingelegt haben;<\/li><\/ul> <\/li><li>gem\u00e4\u00df Art. 20 DSGVO das Recht, Ihre personenbezogenen Daten, die Sie uns bereitgestellt haben, in einem strukturierten, g\u00e4ngigen und maschinenlesebaren Format zu erhalten oder die \u00dcbermittlung an einen anderen Verantwortlichen zu verlangen;<\/li><li>gem\u00e4\u00df Art. 77 DSGVO das Recht, sich bei einer Aufsichtsbeh\u00f6rde zu beschweren. In der Regel k\u00f6nnen Sie sich hierf\u00fcr an die Aufsichtsbeh\u00f6rde Ihres \u00fcblichen Aufenthaltsortes oder Arbeitsplatzes oder unseres Unternehmenssitzes wenden.<\/li><\/ul>\n\n\n\n<p>Bei Fragen zur Erhebung, Verarbeitung oder Nutzung Ihrer personenbezogenen Daten, bei Ausk\u00fcnften, Berichtigung, Einschr\u00e4nkung oder L\u00f6schung von Daten sowie Widerruf erteilter Einwilligungen oder Widerspruch gegen eine bestimmte Datenverwendung wenden Sie sich bitte direkt an uns \u00fcber die Kontaktdaten in unserem Impressum.<\/p>\n\n\n\n<figure class=\"wp-block-table\"><table class=\"\"><tbody><tr><td> <strong>Widerspruchsrecht<\/strong><br> Soweit wir zur Wahrung unserer im Rahmen einer Interessensabw\u00e4gung \u00fcberwiegenden berechtigten Interessen personenbezogene Daten wie oben erl\u00e4utert verarbeiten, k\u00f6nnen Sie dieser Verarbeitung mit Wirkung f\u00fcr die Zukunft widersprechen. Erfolgt die Verarbeitung zu Zwecken des Direktmarketings, k\u00f6nnen Sie dieses Recht jederzeit wie oben beschrieben aus\u00fcben. Soweit die Verarbeitung zu anderen Zwecken erfolgt, steht Ihnen ein Widerspruchsrecht nur bei Vorliegen von Gr\u00fcnden, die sich aus Ihrer besonderen Situation ergeben, zu. Nach Aus\u00fcbung Ihres Widerspruchsrechts werden wir Ihre personenbezogenen Daten nicht weiter zu diesen Zwecken verarbeiten, es sei denn, wir k\u00f6nnen zwingende schutzw\u00fcrdige Gr\u00fcnde f\u00fcr die Verarbeitung nachweisen, die Ihre Interessen, Rechte und Freiheiten \u00fcberwiegen, oder wenn die Verarbeitung der Geltendmachung, Aus\u00fcbung oder Verteidigung von Rechtsanspr\u00fcchen dient Dies gilt nicht, wenn die Verarbeitung zu Zwecken des Direktmarketings erfolgt. Dann werden wir Ihre personenbezogenen Daten nicht weiter zu diesem Zweck verarbeiten.   <\/td><\/tr><\/tbody><\/table><\/figure>\n\n\n\n<p><\/p>\n","protected":false},"excerpt":{"rendered":"<p>Datenschutzerkl\u00e4rung Verantwortlicher f\u00fcr die Datenverarbeitung ist: Fischereiverein Forchheim-Oberm\u00e4ssing e.V. vertreten durch den Vorstand Rudi KrehanSandweg 192342 FreystadtDeutschland webmaster@schwarzachangler.de Wir freuen uns \u00fcber Ihr Interesse an unserer Webseite. Der Schutz Ihrer Privatsph\u00e4re ist f\u00fcr uns sehr wichtig. Nachstehend informieren wir Sie ausf\u00fchrlich \u00fcber den Umgang mit Ihren Daten. 1.&nbsp;Zugriffsdaten und Hosting Sie k\u00f6nnen unsere Webseiten besuchen, &hellip; <\/p>\n<p class=\"link-more\"><a href=\"https:\/\/schwarzachangler.de\/?page_id=42\" class=\"more-link\"><span class=\"screen-reader-text\">\u201eDatenschutz\u201c<\/span> weiterlesen<\/a><\/p>\n","protected":false},"author":1,"featured_media":0,"parent":0,"menu_order":0,"comment_status":"closed","ping_status":"closed","template":"","meta":{"footnotes":""},"class_list":["post-42","page","type-page","status-publish","hentry"],"_links":{"self":[{"href":"https:\/\/schwarzachangler.de\/index.php?rest_route=\/wp\/v2\/pages\/42"}],"collection":[{"href":"https:\/\/schwarzachangler.de\/index.php?rest_route=\/wp\/v2\/pages"}],"about":[{"href":"https:\/\/schwarzachangler.de\/index.php?rest_route=\/wp\/v2\/types\/page"}],"author":[{"embeddable":true,"href":"https:\/\/schwarzachangler.de\/index.php?rest_route=\/wp\/v2\/users\/1"}],"replies":[{"embeddable":true,"href":"https:\/\/schwarzachangler.de\/index.php?rest_route=%2Fwp%2Fv2%2Fcomments&post=42"}],"version-history":[{"count":5,"href":"https:\/\/schwarzachangler.de\/index.php?rest_route=\/wp\/v2\/pages\/42\/revisions"}],"predecessor-version":[{"id":719,"href":"https:\/\/schwarzachangler.de\/index.php?rest_route=\/wp\/v2\/pages\/42\/revisions\/719"}],"wp:attachment":[{"href":"https:\/\/schwarzachangler.de\/index.php?rest_route=%2Fwp%2Fv2%2Fmedia&parent=42"}],"curies":[{"name":"wp","href":"https:\/\/api.w.org\/{rel}","templated":true}]}}