{"id":60,"date":"2020-03-07T17:36:32","date_gmt":"2020-03-07T17:36:32","guid":{"rendered":"http:\/\/schwarzachangler.de\/?page_id=60"},"modified":"2022-01-03T10:14:41","modified_gmt":"2022-01-03T10:14:41","slug":"gaensmuehlweiher","status":"publish","type":"page","link":"https:\/\/schwarzachangler.de\/?page_id=60","title":{"rendered":"G\u00e4nsm\u00fchlweiher bei Hofen"},"content":{"rendered":"\n<div class=\"wp-block-columns is-layout-flex wp-container-core-columns-is-layout-1 wp-block-columns-is-layout-flex\">\n<div class=\"wp-block-column is-layout-flow wp-block-column-is-layout-flow\" style=\"flex-basis:33.33%\">\n<p>Der G\u00e4nsm\u00fchlweiher bei Hofen gilt als Geheimtipp bei den Karpfen- und Grasfischanglern. Mehrpf\u00fcndige Hechte werden jedoch auch jedes Jahr gemeldet, sodass sich das Gew\u00e4sser immer gr\u00f6\u00dferer Beliebtheit erfreuen kann. Das Gew\u00e4sser ist Eigentum des FV Forchheim-Oberm\u00e4ssing. <\/p>\n<\/div>\n\n\n\n<div class=\"wp-block-column is-layout-flow wp-block-column-is-layout-flow\" style=\"flex-basis:66.66%\">\n<figure class=\"wp-block-image size-large is-resized\"><img loading=\"lazy\" decoding=\"async\" src=\"https:\/\/schwarzachangler.de\/wp-content\/uploads\/2020\/03\/HP_G\u00e4nsm\u00fchlweiher_Bild1-1.jpg\" alt=\"\" class=\"wp-image-272\" width=\"657\" height=\"420\" srcset=\"https:\/\/schwarzachangler.de\/wp-content\/uploads\/2020\/03\/HP_G\u00e4nsm\u00fchlweiher_Bild1-1.jpg 623w, https:\/\/schwarzachangler.de\/wp-content\/uploads\/2020\/03\/HP_G\u00e4nsm\u00fchlweiher_Bild1-1-300x192.jpg 300w\" sizes=\"(max-width: 657px) 100vw, 657px\" \/><\/figure>\n<\/div>\n<\/div>\n\n\n\n<div class=\"wp-block-columns is-layout-flex wp-container-core-columns-is-layout-2 wp-block-columns-is-layout-flex\">\n<div class=\"wp-block-column is-layout-flow wp-block-column-is-layout-flow\" style=\"flex-basis:33.33%\">\n<p><strong>Hinweise:<\/strong><\/p>\n\n\n\n<p><strong><span class=\"has-inline-color has-vivid-red-color\">Raubfisch 2022 und 2023 gesperrt!<\/span><\/strong><\/p>\n\n\n\n<p>Befahren der D\u00e4mme nicht gestattet!<\/p>\n<\/div>\n\n\n\n<div class=\"wp-block-column is-layout-flow wp-block-column-is-layout-flow\" style=\"flex-basis:66.66%\">\n[gnsmhlweiher]\n<\/div>\n<\/div>\n\n\n","protected":false},"excerpt":{"rendered":"<p>Der G\u00e4nsm\u00fchlweiher bei Hofen gilt als Geheimtipp bei den Karpfen- und Grasfischanglern. Mehrpf\u00fcndige Hechte werden jedoch auch jedes Jahr gemeldet, sodass sich das Gew\u00e4sser immer gr\u00f6\u00dferer Beliebtheit erfreuen kann. Das Gew\u00e4sser ist Eigentum des FV Forchheim-Oberm\u00e4ssing. Hinweise: Raubfisch 2022 und 2023 gesperrt! Befahren der D\u00e4mme nicht gestattet!<\/p>\n","protected":false},"author":1,"featured_media":0,"parent":18,"menu_order":0,"comment_status":"closed","ping_status":"closed","template":"","meta":{"footnotes":""},"class_list":["post-60","page","type-page","status-publish","hentry"],"_links":{"self":[{"href":"https:\/\/schwarzachangler.de\/index.php?rest_route=\/wp\/v2\/pages\/60"}],"collection":[{"href":"https:\/\/schwarzachangler.de\/index.php?rest_route=\/wp\/v2\/pages"}],"about":[{"href":"https:\/\/schwarzachangler.de\/index.php?rest_route=\/wp\/v2\/types\/page"}],"author":[{"embeddable":true,"href":"https:\/\/schwarzachangler.de\/index.php?rest_route=\/wp\/v2\/users\/1"}],"replies":[{"embeddable":true,"href":"https:\/\/schwarzachangler.de\/index.php?rest_route=%2Fwp%2Fv2%2Fcomments&post=60"}],"version-history":[{"count":14,"href":"https:\/\/schwarzachangler.de\/index.php?rest_route=\/wp\/v2\/pages\/60\/revisions"}],"predecessor-version":[{"id":1304,"href":"https:\/\/schwarzachangler.de\/index.php?rest_route=\/wp\/v2\/pages\/60\/revisions\/1304"}],"up":[{"embeddable":true,"href":"https:\/\/schwarzachangler.de\/index.php?rest_route=\/wp\/v2\/pages\/18"}],"wp:attachment":[{"href":"https:\/\/schwarzachangler.de\/index.php?rest_route=%2Fwp%2Fv2%2Fmedia&parent=60"}],"curies":[{"name":"wp","href":"https:\/\/api.w.org\/{rel}","templated":true}]}}