{"id":65,"date":"2020-03-07T17:50:53","date_gmt":"2020-03-07T17:50:53","guid":{"rendered":"http:\/\/schwarzachangler.de\/?page_id=65"},"modified":"2022-01-05T19:36:36","modified_gmt":"2022-01-05T19:36:36","slug":"mitglied-werden","status":"publish","type":"page","link":"https:\/\/schwarzachangler.de\/?page_id=65","title":{"rendered":"Mitglied werden"},"content":{"rendered":"\n<h3 class=\"wp-block-heading\">Wer sind diese Angler?<\/h3>\n\n\n\n<p>\u201eAngler sind Menschen von mildem, friedfertigem Wesen\u201c, schrieb der Naturphilosoph Isaak Walton im 17. Jahrhundert in seinem Buch: \u201eDer vollkommene Angler oder eines nachdenklichen Mannes Erholung.\u201c. Die Ausf\u00fchrungen von Issak Walton sind nur insofern \u00fcberholt, als dass es heutzutage genauso Frauen wie M\u00e4nner sind, die am Wasser Erholung suchen.<\/p>\n\n\n\n<div class=\"wp-block-image\"><figure class=\"aligncenter size-large is-resized\"><img loading=\"lazy\" decoding=\"async\" src=\"https:\/\/schwarzachangler.de\/wp-content\/uploads\/2021\/01\/unnamed.jpg\" alt=\"\" class=\"wp-image-1118\" width=\"283\" height=\"412\" srcset=\"https:\/\/schwarzachangler.de\/wp-content\/uploads\/2021\/01\/unnamed.jpg 352w, https:\/\/schwarzachangler.de\/wp-content\/uploads\/2021\/01\/unnamed-206x300.jpg 206w\" sizes=\"(max-width: 283px) 100vw, 283px\" \/><\/figure><\/div>\n\n\n\n<p>Anglerinnen und Angler verbringen viel Zeit damit, einen Stock mit einer Schnur ins Wasser zu halten. Beschaulichkeit und Ruhe umgeben sie an Seen, B\u00e4chen und Fl\u00fcssen \u2013 genauso wie die M\u00fccken.<\/p>\n\n\n\n<div class=\"wp-block-image\"><figure class=\"aligncenter size-large is-resized\"><img loading=\"lazy\" decoding=\"async\" src=\"https:\/\/schwarzachangler.de\/wp-content\/uploads\/2021\/01\/p5060-Vater-aller-Angler_module_related.jpg\" alt=\"\" class=\"wp-image-1117\" width=\"298\" height=\"231\"\/><\/figure><\/div>\n\n\n\n<h2 class=\"wp-block-heading\">Wie kann ich Mitglied werden?<\/h2>\n\n\n\n<p>Der Fischereiverein Forchheim-Oberm\u00e4ssing e.V. f\u00fchrt einmal im Jahr ein Aufnahmeverfahren durch. In einer eigenen Sitzung der Vereinsverwaltung wird \u00fcber die gestellten Aufnahmeantr\u00e4ge entschieden. Diese findet \u00fcblicherweise im Zeitraum Ende Dezember\/Anfang Januar statt. Die Antragsteller werden im Anschluss  unter der im Antrag angegebenen Adresse bzw. E-Mailadresse benachrichtigt.<\/p>\n\n\n\n<p>Jugendlichen m\u00fcssen mindestens 10 Jahre alt sein und einen g\u00fcltigen Erlaubnisschein zur Fischereiaus\u00fcbung haben &#8211; diesen bekommst du bei deiner zust\u00e4ndigen Gemeinde.<\/p>\n\n\n\n<p>Wenn du schon \u00fcber 18 bist dann musst du die Fischerpr\u00fcfung abgelegt haben und einen Fischereischein auf Lebenszeit haben um bei uns Mitglied zu werden.<\/p>\n\n\n\n<p>Bei Fragen zur Mitgliedschaft und Antragsformularen helfen wir Dir gerne weiter, schicke uns einfach eine Mail an:<\/p>\n\n\n\n<p> webmaster@schwarzachangler.de <\/p>\n\n\n\n<p><\/p>\n","protected":false},"excerpt":{"rendered":"<p>Wer sind diese Angler? \u201eAngler sind Menschen von mildem, friedfertigem Wesen\u201c, schrieb der Naturphilosoph Isaak Walton im 17. Jahrhundert in seinem Buch: \u201eDer vollkommene Angler oder eines nachdenklichen Mannes Erholung.\u201c. Die Ausf\u00fchrungen von Issak Walton sind nur insofern \u00fcberholt, als dass es heutzutage genauso Frauen wie M\u00e4nner sind, die am Wasser Erholung suchen. Anglerinnen und &hellip; <\/p>\n<p class=\"link-more\"><a href=\"https:\/\/schwarzachangler.de\/?page_id=65\" class=\"more-link\"><span class=\"screen-reader-text\">\u201eMitglied werden\u201c<\/span> weiterlesen<\/a><\/p>\n","protected":false},"author":1,"featured_media":0,"parent":63,"menu_order":0,"comment_status":"closed","ping_status":"closed","template":"","meta":{"footnotes":""},"class_list":["post-65","page","type-page","status-publish","hentry"],"_links":{"self":[{"href":"https:\/\/schwarzachangler.de\/index.php?rest_route=\/wp\/v2\/pages\/65"}],"collection":[{"href":"https:\/\/schwarzachangler.de\/index.php?rest_route=\/wp\/v2\/pages"}],"about":[{"href":"https:\/\/schwarzachangler.de\/index.php?rest_route=\/wp\/v2\/types\/page"}],"author":[{"embeddable":true,"href":"https:\/\/schwarzachangler.de\/index.php?rest_route=\/wp\/v2\/users\/1"}],"replies":[{"embeddable":true,"href":"https:\/\/schwarzachangler.de\/index.php?rest_route=%2Fwp%2Fv2%2Fcomments&post=65"}],"version-history":[{"count":10,"href":"https:\/\/schwarzachangler.de\/index.php?rest_route=\/wp\/v2\/pages\/65\/revisions"}],"predecessor-version":[{"id":1318,"href":"https:\/\/schwarzachangler.de\/index.php?rest_route=\/wp\/v2\/pages\/65\/revisions\/1318"}],"up":[{"embeddable":true,"href":"https:\/\/schwarzachangler.de\/index.php?rest_route=\/wp\/v2\/pages\/63"}],"wp:attachment":[{"href":"https:\/\/schwarzachangler.de\/index.php?rest_route=%2Fwp%2Fv2%2Fmedia&parent=65"}],"curies":[{"name":"wp","href":"https:\/\/api.w.org\/{rel}","templated":true}]}}