{"id":68,"date":"2020-03-07T17:51:43","date_gmt":"2020-03-07T17:51:43","guid":{"rendered":"http:\/\/schwarzachangler.de\/?page_id=68"},"modified":"2025-02-09T11:22:54","modified_gmt":"2025-02-09T11:22:54","slug":"fischerjugend","status":"publish","type":"page","link":"https:\/\/schwarzachangler.de\/?page_id=68","title":{"rendered":"Fischerjugend"},"content":{"rendered":"\n<h2 class=\"wp-block-heading\">Unsere Fischerjugend ist ein aktives Team!<\/h2>\n\n\n<div class=\"wp-block-image\">\n<figure class=\"aligncenter size-large is-resized\"><img loading=\"lazy\" decoding=\"async\" width=\"1024\" height=\"768\" src=\"https:\/\/schwarzachangler.de\/wp-content\/uploads\/2020\/05\/IFHZ2952-1024x768.jpg\" alt=\"\" class=\"wp-image-851\" style=\"width:317px;height:238px\" srcset=\"https:\/\/schwarzachangler.de\/wp-content\/uploads\/2020\/05\/IFHZ2952-1024x768.jpg 1024w, https:\/\/schwarzachangler.de\/wp-content\/uploads\/2020\/05\/IFHZ2952-300x225.jpg 300w, https:\/\/schwarzachangler.de\/wp-content\/uploads\/2020\/05\/IFHZ2952-768x576.jpg 768w, https:\/\/schwarzachangler.de\/wp-content\/uploads\/2020\/05\/IFHZ2952-1536x1152.jpg 1536w, https:\/\/schwarzachangler.de\/wp-content\/uploads\/2020\/05\/IFHZ2952.jpg 1600w\" sizes=\"(max-width: 706px) 89vw, (max-width: 767px) 82vw, 740px\" \/><\/figure><\/div>\n\n\n<p>Wir sind alle im Alter zwischen 10 und 18 Jahren, lieben die Natur und haben alle ein gro\u00dfes gemeinsames&nbsp;Hobby:&nbsp;&nbsp;&nbsp; DAS FISCHEN!&nbsp;&nbsp;&nbsp;<\/p>\n\n\n\n<p>Neben dem j\u00e4hrlichen Jugendzeltlager finden auch viele weitere Veranstaltungen statt.<\/p>\n\n\n\n<figure class=\"wp-block-image size-large\"><img loading=\"lazy\" decoding=\"async\" width=\"1024\" height=\"768\" src=\"https:\/\/schwarzachangler.de\/wp-content\/uploads\/2025\/02\/IMG-20240728-WA0014-1024x768.jpg\" alt=\"\" class=\"wp-image-1597\" srcset=\"https:\/\/schwarzachangler.de\/wp-content\/uploads\/2025\/02\/IMG-20240728-WA0014-1024x768.jpg 1024w, https:\/\/schwarzachangler.de\/wp-content\/uploads\/2025\/02\/IMG-20240728-WA0014-300x225.jpg 300w, https:\/\/schwarzachangler.de\/wp-content\/uploads\/2025\/02\/IMG-20240728-WA0014-768x576.jpg 768w, https:\/\/schwarzachangler.de\/wp-content\/uploads\/2025\/02\/IMG-20240728-WA0014-1536x1152.jpg 1536w, https:\/\/schwarzachangler.de\/wp-content\/uploads\/2025\/02\/IMG-20240728-WA0014.jpg 1600w\" sizes=\"(max-width: 706px) 89vw, (max-width: 767px) 82vw, 740px\" \/><figcaption class=\"wp-element-caption\">Jugendzeltlager 2024 an den Schlosserweihern<\/figcaption><\/figure>\n\n\n\n<figure class=\"wp-block-gallery aligncenter has-nested-images columns-default is-cropped wp-block-gallery-1 is-layout-flex wp-block-gallery-is-layout-flex\">\n<figure class=\"wp-block-image size-large\"><img loading=\"lazy\" decoding=\"async\" width=\"1024\" height=\"768\" data-id=\"821\" src=\"https:\/\/schwarzachangler.de\/wp-content\/uploads\/2020\/04\/IMG_1222-1024x768.jpg\" alt=\"\" class=\"wp-image-821\" srcset=\"https:\/\/schwarzachangler.de\/wp-content\/uploads\/2020\/04\/IMG_1222-1024x768.jpg 1024w, https:\/\/schwarzachangler.de\/wp-content\/uploads\/2020\/04\/IMG_1222-300x225.jpg 300w, https:\/\/schwarzachangler.de\/wp-content\/uploads\/2020\/04\/IMG_1222-768x576.jpg 768w, https:\/\/schwarzachangler.de\/wp-content\/uploads\/2020\/04\/IMG_1222-1536x1152.jpg 1536w, https:\/\/schwarzachangler.de\/wp-content\/uploads\/2020\/04\/IMG_1222-2048x1536.jpg 2048w\" sizes=\"(max-width: 706px) 89vw, (max-width: 767px) 82vw, 740px\" \/><figcaption class=\"wp-element-caption\">Jugendzeltlager mit unseren Partnervereinen &#8211; 2019 in Greding<\/figcaption><\/figure>\n\n\n\n<figure class=\"wp-block-image size-large\"><img loading=\"lazy\" decoding=\"async\" width=\"1024\" height=\"768\" data-id=\"865\" src=\"https:\/\/schwarzachangler.de\/wp-content\/uploads\/2020\/05\/10-J\u00e4hrigen-Jugendcamp-mit-Berti-Bovens-2008-1024x768.jpg\" alt=\"\" class=\"wp-image-865\" srcset=\"https:\/\/schwarzachangler.de\/wp-content\/uploads\/2020\/05\/10-J\u00e4hrigen-Jugendcamp-mit-Berti-Bovens-2008-1024x768.jpg 1024w, https:\/\/schwarzachangler.de\/wp-content\/uploads\/2020\/05\/10-J\u00e4hrigen-Jugendcamp-mit-Berti-Bovens-2008-300x225.jpg 300w, https:\/\/schwarzachangler.de\/wp-content\/uploads\/2020\/05\/10-J\u00e4hrigen-Jugendcamp-mit-Berti-Bovens-2008-768x576.jpg 768w, https:\/\/schwarzachangler.de\/wp-content\/uploads\/2020\/05\/10-J\u00e4hrigen-Jugendcamp-mit-Berti-Bovens-2008-1536x1152.jpg 1536w, https:\/\/schwarzachangler.de\/wp-content\/uploads\/2020\/05\/10-J\u00e4hrigen-Jugendcamp-mit-Berti-Bovens-2008-2048x1536.jpg 2048w\" sizes=\"(max-width: 706px) 89vw, (max-width: 767px) 82vw, 740px\" \/><figcaption class=\"wp-element-caption\">Lernen von den Profis<\/figcaption><\/figure>\n<\/figure>\n\n\n\n<p>Umweltschutz und die Beteiligung am Vereinsleben geh\u00f6rt auch dazu.<\/p>\n\n\n\n<figure class=\"wp-block-image size-large is-resized\"><img loading=\"lazy\" decoding=\"async\" width=\"768\" height=\"1024\" src=\"https:\/\/schwarzachangler.de\/wp-content\/uploads\/2025\/02\/IMG-20240316-WA0007-768x1024.jpg\" alt=\"\" class=\"wp-image-1595\" style=\"width:315px;height:auto\" srcset=\"https:\/\/schwarzachangler.de\/wp-content\/uploads\/2025\/02\/IMG-20240316-WA0007-768x1023.jpg 768w, https:\/\/schwarzachangler.de\/wp-content\/uploads\/2025\/02\/IMG-20240316-WA0007-225x300.jpg 225w, https:\/\/schwarzachangler.de\/wp-content\/uploads\/2025\/02\/IMG-20240316-WA0007-1153x1536.jpg 1153w, https:\/\/schwarzachangler.de\/wp-content\/uploads\/2025\/02\/IMG-20240316-WA0007.jpg 1200w\" sizes=\"(max-width: 706px) 89vw, (max-width: 767px) 82vw, 740px\" \/><figcaption class=\"wp-element-caption\">Unser Artenhilfssprogramm: Besatz junger Barben in der Schwarzach<\/figcaption><\/figure>\n\n\n\n<p>Das tolle an unserem Verein ist, dass wir eine Menge gemeinsam unternehmen und lernen.&nbsp;An erster Stelle steht nat\u00fcrlich das Angeln, aber wir haben auch eine gro\u00dfe Verantwortung gegen\u00fcber unserer Natur.&nbsp;Deshalb ist es f\u00fcr uns oberstes Gebot die Gew\u00e4sser und deren Ufer zu reinigen und zu hegen.<br><\/p>\n\n\n\n<p>Bei uns hast Du auch die M\u00f6glichkeit, Dein Wissen und Dein K\u00f6nnen \u00fcber alles, was zum Fischen dazugeh\u00f6rt, zu vergr\u00f6\u00dfern. <\/p>\n\n\n\n<p>Unsere Betreuer helfen Dir nicht nur beim Angeln, sondern wissen jede Menge \u00fcber unsere Natur,  dem Verhalten an Gew\u00e4ssern und nat\u00fcrlich auch \u00fcber unsere Fische.<\/p>\n\n\n\n<div class=\"wp-block-group\"><div class=\"wp-block-group__inner-container is-layout-flow wp-block-group-is-layout-flow\">\n<h2 class=\"wp-block-heading has-text-align-center\">Also los! <\/h2>\n\n\n\n<h2 class=\"wp-block-heading has-text-align-center\">Worauf wartest Du noch? <\/h2>\n\n\n\n<h2 class=\"wp-block-heading has-text-align-center\">Mach mit!<\/h2>\n<\/div><\/div>\n\n\n\n<p>Oder komm doch einfach zum allj\u00e4hrlichen <strong>Schnupperfischen<\/strong> am letzten Ferienwochenende (BY) im September an unseren  &#8220;Schlosserweihern&#8221; &#8211; Anmeldung \u00fcber das Ferienprogramm bei der Stadt Freystadt.  <\/p>\n\n\n\n<figure class=\"wp-block-gallery has-nested-images columns-default is-cropped wp-block-gallery-2 is-layout-flex wp-block-gallery-is-layout-flex\">\n<figure class=\"wp-block-image size-large\"><img loading=\"lazy\" decoding=\"async\" width=\"700\" height=\"523\" data-id=\"868\" src=\"https:\/\/schwarzachangler.de\/wp-content\/uploads\/2020\/05\/Schnupperfischen_01.jpg\" alt=\"\" class=\"wp-image-868\" srcset=\"https:\/\/schwarzachangler.de\/wp-content\/uploads\/2020\/05\/Schnupperfischen_01.jpg 700w, https:\/\/schwarzachangler.de\/wp-content\/uploads\/2020\/05\/Schnupperfischen_01-300x224.jpg 300w\" sizes=\"(max-width: 700px) 100vw, 700px\" \/><figcaption class=\"wp-element-caption\">Schnupperrfischen<\/figcaption><\/figure>\n\n\n\n<figure class=\"wp-block-image size-large\"><img loading=\"lazy\" decoding=\"async\" width=\"410\" height=\"459\" data-id=\"869\" src=\"https:\/\/schwarzachangler.de\/wp-content\/uploads\/2020\/05\/Schnupperfischen_02.jpg\" alt=\"\" class=\"wp-image-869\" srcset=\"https:\/\/schwarzachangler.de\/wp-content\/uploads\/2020\/05\/Schnupperfischen_02.jpg 410w, https:\/\/schwarzachangler.de\/wp-content\/uploads\/2020\/05\/Schnupperfischen_02-268x300.jpg 268w\" sizes=\"(max-width: 410px) 100vw, 410px\" \/><\/figure>\n<\/figure>\n\n\n\n<p>Der H\u00f6hepunkt des Jahres ist unser mehrt\u00e4giges Jugendzeltlager mit unseren Nachbarvereinen. Beim gemeinsamen Fischen, Essen und Zelten ist  auch gen\u00fcgend Zeit neue Freunde zu finden oder Freundschaften zu pflegen.&nbsp;Ihr k\u00f6nnt ja sehen, welchen Spa\u00df wir dabei haben. <\/p>\n\n\n\n<figure class=\"wp-block-gallery has-nested-images columns-default is-cropped wp-block-gallery-3 is-layout-flex wp-block-gallery-is-layout-flex\">\n<figure class=\"wp-block-image size-large\"><img loading=\"lazy\" decoding=\"async\" width=\"1024\" height=\"768\" data-id=\"820\" src=\"https:\/\/schwarzachangler.de\/wp-content\/uploads\/2020\/04\/IMG_1208-1024x768.jpg\" alt=\"\" class=\"wp-image-820\" srcset=\"https:\/\/schwarzachangler.de\/wp-content\/uploads\/2020\/04\/IMG_1208-1024x768.jpg 1024w, https:\/\/schwarzachangler.de\/wp-content\/uploads\/2020\/04\/IMG_1208-300x225.jpg 300w, https:\/\/schwarzachangler.de\/wp-content\/uploads\/2020\/04\/IMG_1208-768x576.jpg 768w, https:\/\/schwarzachangler.de\/wp-content\/uploads\/2020\/04\/IMG_1208-1536x1152.jpg 1536w, https:\/\/schwarzachangler.de\/wp-content\/uploads\/2020\/04\/IMG_1208-2048x1536.jpg 2048w\" sizes=\"(max-width: 706px) 89vw, (max-width: 767px) 82vw, 740px\" \/><\/figure>\n\n\n\n<figure class=\"wp-block-image size-large\"><img loading=\"lazy\" decoding=\"async\" width=\"768\" height=\"1024\" data-id=\"861\" src=\"https:\/\/schwarzachangler.de\/wp-content\/uploads\/2020\/05\/VFHD5935-1-768x1024.jpg\" alt=\"\" class=\"wp-image-861\" srcset=\"https:\/\/schwarzachangler.de\/wp-content\/uploads\/2020\/05\/VFHD5935-1-768x1024.jpg 768w, https:\/\/schwarzachangler.de\/wp-content\/uploads\/2020\/05\/VFHD5935-1-225x300.jpg 225w, https:\/\/schwarzachangler.de\/wp-content\/uploads\/2020\/05\/VFHD5935-1-1152x1536.jpg 1152w, https:\/\/schwarzachangler.de\/wp-content\/uploads\/2020\/05\/VFHD5935-1.jpg 1200w\" sizes=\"(max-width: 706px) 89vw, (max-width: 767px) 82vw, 740px\" \/><\/figure>\n<\/figure>\n\n\n\n<p>Hier bekommst Du einen Eindruck was wir so alles erleben beim Angeln:<\/p>\n\n\n\n<figure class=\"wp-block-embed is-type-video is-provider-youtube wp-block-embed-youtube wp-embed-aspect-16-9 wp-has-aspect-ratio\"><div class=\"wp-block-embed__wrapper\">\n<iframe loading=\"lazy\" title=\"Armageddon beim Jugendangeln\" width=\"525\" height=\"295\" src=\"https:\/\/www.youtube.com\/embed\/dVDaHu-eaWI?feature=oembed\" frameborder=\"0\" allow=\"accelerometer; autoplay; clipboard-write; encrypted-media; gyroscope; picture-in-picture; web-share\" referrerpolicy=\"strict-origin-when-cross-origin\" allowfullscreen><\/iframe>\n<\/div><\/figure>\n\n\n\n<p> Hast Du auch Lust bekommen bei uns mitzumachen? Das ist ganz einfach: Du musst mindestens 10 Jahre alt sein und schwimmen k\u00f6nnen.&nbsp;Bei Deiner Zust\u00e4ndigen Gemeinde bekommst Du einen Erlaubnisschein zum Angeln und dann meldest Du Dich bei unseren Verein an und kannst mit der &#8220;Jagd&#8221; nach Fischen beginnen.<\/p>\n\n\n\n<figure class=\"wp-block-gallery has-nested-images columns-default is-cropped wp-block-gallery-4 is-layout-flex wp-block-gallery-is-layout-flex\">\n<figure class=\"wp-block-image size-large\"><img loading=\"lazy\" decoding=\"async\" width=\"1024\" height=\"768\" data-id=\"853\" src=\"https:\/\/schwarzachangler.de\/wp-content\/uploads\/2020\/05\/IMG_4203-1024x768.jpg\" alt=\"\" class=\"wp-image-853\" srcset=\"https:\/\/schwarzachangler.de\/wp-content\/uploads\/2020\/05\/IMG_4203-1024x768.jpg 1024w, https:\/\/schwarzachangler.de\/wp-content\/uploads\/2020\/05\/IMG_4203-300x225.jpg 300w, https:\/\/schwarzachangler.de\/wp-content\/uploads\/2020\/05\/IMG_4203-768x576.jpg 768w, https:\/\/schwarzachangler.de\/wp-content\/uploads\/2020\/05\/IMG_4203-1536x1152.jpg 1536w, https:\/\/schwarzachangler.de\/wp-content\/uploads\/2020\/05\/IMG_4203-2048x1536.jpg 2048w\" sizes=\"(max-width: 706px) 89vw, (max-width: 767px) 82vw, 740px\" \/><figcaption class=\"wp-element-caption\">Profis geben uns tolle Tricks<\/figcaption><\/figure>\n\n\n\n<figure class=\"wp-block-image size-large\"><img loading=\"lazy\" decoding=\"async\" width=\"1024\" height=\"768\" data-id=\"852\" src=\"https:\/\/schwarzachangler.de\/wp-content\/uploads\/2020\/05\/IMG_4204-1024x768.jpg\" alt=\"\" class=\"wp-image-852\" srcset=\"https:\/\/schwarzachangler.de\/wp-content\/uploads\/2020\/05\/IMG_4204-1024x768.jpg 1024w, https:\/\/schwarzachangler.de\/wp-content\/uploads\/2020\/05\/IMG_4204-300x225.jpg 300w, https:\/\/schwarzachangler.de\/wp-content\/uploads\/2020\/05\/IMG_4204-768x576.jpg 768w, https:\/\/schwarzachangler.de\/wp-content\/uploads\/2020\/05\/IMG_4204-1536x1152.jpg 1536w, https:\/\/schwarzachangler.de\/wp-content\/uploads\/2020\/05\/IMG_4204-2048x1536.jpg 2048w\" sizes=\"(max-width: 706px) 89vw, (max-width: 767px) 82vw, 740px\" \/><\/figure>\n<\/figure>\n\n\n\n<figure class=\"wp-block-gallery has-nested-images columns-default is-cropped wp-block-gallery-5 is-layout-flex wp-block-gallery-is-layout-flex\">\n<figure class=\"wp-block-image size-large\"><img loading=\"lazy\" decoding=\"async\" width=\"1024\" height=\"768\" data-id=\"855\" src=\"https:\/\/schwarzachangler.de\/wp-content\/uploads\/2020\/05\/IMG_4249-1024x768.jpg\" alt=\"\" class=\"wp-image-855\" srcset=\"https:\/\/schwarzachangler.de\/wp-content\/uploads\/2020\/05\/IMG_4249-1024x768.jpg 1024w, https:\/\/schwarzachangler.de\/wp-content\/uploads\/2020\/05\/IMG_4249-300x225.jpg 300w, https:\/\/schwarzachangler.de\/wp-content\/uploads\/2020\/05\/IMG_4249-768x576.jpg 768w, https:\/\/schwarzachangler.de\/wp-content\/uploads\/2020\/05\/IMG_4249-1536x1152.jpg 1536w, https:\/\/schwarzachangler.de\/wp-content\/uploads\/2020\/05\/IMG_4249-2048x1536.jpg 2048w\" sizes=\"(max-width: 706px) 89vw, (max-width: 767px) 82vw, 740px\" \/><figcaption class=\"wp-element-caption\">Lagerfeuer am Abend<\/figcaption><\/figure>\n\n\n\n<figure class=\"wp-block-image size-large\"><img loading=\"lazy\" decoding=\"async\" width=\"1024\" height=\"768\" data-id=\"856\" src=\"https:\/\/schwarzachangler.de\/wp-content\/uploads\/2020\/05\/IMG_4259-1024x768.jpg\" alt=\"\" class=\"wp-image-856\" srcset=\"https:\/\/schwarzachangler.de\/wp-content\/uploads\/2020\/05\/IMG_4259-1024x768.jpg 1024w, https:\/\/schwarzachangler.de\/wp-content\/uploads\/2020\/05\/IMG_4259-300x225.jpg 300w, https:\/\/schwarzachangler.de\/wp-content\/uploads\/2020\/05\/IMG_4259-768x576.jpg 768w, https:\/\/schwarzachangler.de\/wp-content\/uploads\/2020\/05\/IMG_4259-1536x1152.jpg 1536w, https:\/\/schwarzachangler.de\/wp-content\/uploads\/2020\/05\/IMG_4259-2048x1536.jpg 2048w\" sizes=\"(max-width: 706px) 89vw, (max-width: 767px) 82vw, 740px\" \/><figcaption class=\"wp-element-caption\">Fisch selbst zubereitet<\/figcaption><\/figure>\n<\/figure>\n\n\n\n<p>Wenn Du dabei sein willst oder Fragen hast, dann schicke uns einfach eine Mail:<\/p>\n\n\n\n<p> <strong>webmaster@schwarzachangler.de <\/strong><\/p>\n\n\n<div class=\"wp-block-image\">\n<figure class=\"aligncenter size-large\"><img loading=\"lazy\" decoding=\"async\" width=\"154\" height=\"97\" src=\"http:\/\/schwarzachangler.de\/wp-content\/uploads\/2020\/03\/Logo_FV_01.jpg\" alt=\"\" class=\"wp-image-216\"\/><\/figure><\/div>","protected":false},"excerpt":{"rendered":"<p>Unsere Fischerjugend ist ein aktives Team! Wir sind alle im Alter zwischen 10 und 18 Jahren, lieben die Natur und haben alle ein gro\u00dfes gemeinsames&nbsp;Hobby:&nbsp;&nbsp;&nbsp; DAS FISCHEN!&nbsp;&nbsp;&nbsp; Neben dem j\u00e4hrlichen Jugendzeltlager finden auch viele weitere Veranstaltungen statt. Umweltschutz und die Beteiligung am Vereinsleben geh\u00f6rt auch dazu. Das tolle an unserem Verein ist, dass wir eine &hellip; <\/p>\n<p class=\"link-more\"><a href=\"https:\/\/schwarzachangler.de\/?page_id=68\" class=\"more-link\"><span class=\"screen-reader-text\">\u201eFischerjugend\u201c<\/span> weiterlesen<\/a><\/p>\n","protected":false},"author":1,"featured_media":0,"parent":0,"menu_order":0,"comment_status":"closed","ping_status":"closed","template":"","meta":{"footnotes":""},"class_list":["post-68","page","type-page","status-publish","hentry"],"_links":{"self":[{"href":"https:\/\/schwarzachangler.de\/index.php?rest_route=\/wp\/v2\/pages\/68"}],"collection":[{"href":"https:\/\/schwarzachangler.de\/index.php?rest_route=\/wp\/v2\/pages"}],"about":[{"href":"https:\/\/schwarzachangler.de\/index.php?rest_route=\/wp\/v2\/types\/page"}],"author":[{"embeddable":true,"href":"https:\/\/schwarzachangler.de\/index.php?rest_route=\/wp\/v2\/users\/1"}],"replies":[{"embeddable":true,"href":"https:\/\/schwarzachangler.de\/index.php?rest_route=%2Fwp%2Fv2%2Fcomments&post=68"}],"version-history":[{"count":27,"href":"https:\/\/schwarzachangler.de\/index.php?rest_route=\/wp\/v2\/pages\/68\/revisions"}],"predecessor-version":[{"id":1598,"href":"https:\/\/schwarzachangler.de\/index.php?rest_route=\/wp\/v2\/pages\/68\/revisions\/1598"}],"wp:attachment":[{"href":"https:\/\/schwarzachangler.de\/index.php?rest_route=%2Fwp%2Fv2%2Fmedia&parent=68"}],"curies":[{"name":"wp","href":"https:\/\/api.w.org\/{rel}","templated":true}]}}