{"id":76,"date":"2020-03-07T17:54:16","date_gmt":"2020-03-07T17:54:16","guid":{"rendered":"http:\/\/schwarzachangler.de\/?page_id=76"},"modified":"2026-01-06T16:31:11","modified_gmt":"2026-01-06T16:31:11","slug":"tageskarten","status":"publish","type":"page","link":"https:\/\/schwarzachangler.de\/?page_id=76","title":{"rendered":"Tageskarten und Erlaubnisscheine"},"content":{"rendered":"\n<p>\u00dcber den Fischereiverein Forchheim-Oberm\u00e4ssing k\u00f6nnen folgende Tageskarten  und Erlaubnisscheine bezogen werden:<\/p>\n\n\n\n<h4 class=\"wp-block-heading\"><strong>Voraussetzung f\u00fcr die Abgabe einer Tageskarte:<\/strong><\/h4>\n\n\n\n<p>Du bist mindestens 18 Jahre alt, hast die staatliche Fischerpr\u00fcfung erfolgreich abgelegt und besitzt den staatlichen Fischereischein. Der Preis f\u00fcr die Tageskarte betr\u00e4gt aktuell:\u00a0<strong>15,00 \u20ac<\/strong>\u00a0( Stand: 01.01.2026 )<\/p>\n\n\n\n<h4 class=\"wp-block-heading\"><strong>F\u00fcr Gastfischer:<\/strong><\/h4>\n\n\n\n<p>Tageskarten f\u00fcr Gastfischer gibt es<strong> nur<\/strong> f\u00fcr die Schwarzach Oberm\u00e4ssing bis zur Wirthsm\u00fchle (ca. 4km). Tageskarte: <strong>15,00\u20ac<\/strong>.<\/p>\n\n\n\n<p>Hinweis: Raubfisch nur vom <strong>01.05. &#8211; 31.12<\/strong> frei.<\/p>\n\n\n\n<p><\/p>\n\n\n\n<hr class=\"wp-block-separator has-css-opacity\"\/>\n\n\n\n<h4 class=\"wp-block-heading\"><strong>F\u00fcr Vereinsmitglieder:<\/strong><\/h4>\n\n\n\n<h4 class=\"wp-block-heading\"><strong>Passive Mitglieder:<\/strong><\/h4>\n\n\n\n<p>Tageskarten f\u00fcr alle Vereinsgew\u00e4sser: <strong>15,00\u20ac<\/strong><\/p>\n\n\n\n<hr class=\"wp-block-separator has-css-opacity is-style-wide\"\/>\n\n\n\n<h4 class=\"wp-block-heading\"><strong>Jahreskarten f\u00fcr den Main-Donaukanal: <\/strong><\/h4>\n\n\n\n<p>f\u00fcr aktive Mitglieder: 88,00\u20ac (50% Erm\u00e4\u00dfigung f\u00fcr Vereinsmitglieder!)<\/p>\n\n\n\n<p>f\u00fcr passive Mitglieder: 88,00\u20ac (50% Erm\u00e4\u00dfigung f\u00fcr Vereinsmitglieder!)<\/p>\n\n\n\n<p>f\u00fcr Jugendliche Mitglieder 55,00\u20ac (50% Erm\u00e4\u00dfigung f\u00fcr Vereinsmitglieder!)<\/p>\n\n\n\n<p><\/p>\n\n\n\n<p><strong>Tageskarten f\u00fcr Biotope und Seitenarme am Rhein-Main-Donaukanal (ab September): <\/strong>15,00\u20ac<\/p>\n\n\n\n<hr class=\"wp-block-separator has-css-opacity is-style-wide\"\/>\n\n\n\n<h3 class=\"wp-block-heading\">Bitte Fangbeschr\u00e4nkungen und Schonzeiten beachten! An allen Vereinsgew\u00e4ssern gilt die Gew\u00e4sser- und Angelordnung des Fischereivereins Forchheim-Oberm\u00e4ssing.<\/h3>\n\n\n\n<hr class=\"wp-block-separator has-css-opacity is-style-wide\"\/>\n\n\n\n<h4 class=\"wp-block-heading\">Kartenausgabe:<\/h4>\n\n\n\n<p>Fischereiverein Forchheim-Oberm\u00e4ssing e.V.<\/p>\n\n\n\n<p>Rudi Krehan<\/p>\n\n\n\n<p>Sandweg 1<\/p>\n\n\n\n<p>Forchheim<\/p>\n\n\n\n<p>92342 Freystadt<\/p>\n\n\n\n<p><\/p>\n\n\n\n<p><br><\/p>\n","protected":false},"excerpt":{"rendered":"<p>\u00dcber den Fischereiverein Forchheim-Oberm\u00e4ssing k\u00f6nnen folgende Tageskarten und Erlaubnisscheine bezogen werden: Voraussetzung f\u00fcr die Abgabe einer Tageskarte: Du bist mindestens 18 Jahre alt, hast die staatliche Fischerpr\u00fcfung erfolgreich abgelegt und besitzt den staatlichen Fischereischein. Der Preis f\u00fcr die Tageskarte betr\u00e4gt aktuell:\u00a015,00 \u20ac\u00a0( Stand: 01.01.2026 ) F\u00fcr Gastfischer: Tageskarten f\u00fcr Gastfischer gibt es nur f\u00fcr die &hellip; <\/p>\n<p class=\"link-more\"><a href=\"https:\/\/schwarzachangler.de\/?page_id=76\" class=\"more-link\"><span class=\"screen-reader-text\">\u201eTageskarten und Erlaubnisscheine\u201c<\/span> weiterlesen<\/a><\/p>\n","protected":false},"author":1,"featured_media":0,"parent":63,"menu_order":0,"comment_status":"closed","ping_status":"closed","template":"","meta":{"footnotes":""},"class_list":["post-76","page","type-page","status-publish","hentry"],"_links":{"self":[{"href":"https:\/\/schwarzachangler.de\/index.php?rest_route=\/wp\/v2\/pages\/76"}],"collection":[{"href":"https:\/\/schwarzachangler.de\/index.php?rest_route=\/wp\/v2\/pages"}],"about":[{"href":"https:\/\/schwarzachangler.de\/index.php?rest_route=\/wp\/v2\/types\/page"}],"author":[{"embeddable":true,"href":"https:\/\/schwarzachangler.de\/index.php?rest_route=\/wp\/v2\/users\/1"}],"replies":[{"embeddable":true,"href":"https:\/\/schwarzachangler.de\/index.php?rest_route=%2Fwp%2Fv2%2Fcomments&post=76"}],"version-history":[{"count":21,"href":"https:\/\/schwarzachangler.de\/index.php?rest_route=\/wp\/v2\/pages\/76\/revisions"}],"predecessor-version":[{"id":1668,"href":"https:\/\/schwarzachangler.de\/index.php?rest_route=\/wp\/v2\/pages\/76\/revisions\/1668"}],"up":[{"embeddable":true,"href":"https:\/\/schwarzachangler.de\/index.php?rest_route=\/wp\/v2\/pages\/63"}],"wp:attachment":[{"href":"https:\/\/schwarzachangler.de\/index.php?rest_route=%2Fwp%2Fv2%2Fmedia&parent=76"}],"curies":[{"name":"wp","href":"https:\/\/api.w.org\/{rel}","templated":true}]}}