{"id":835,"date":"2020-05-01T18:06:51","date_gmt":"2020-05-01T18:06:51","guid":{"rendered":"http:\/\/schwarzachangler.de\/?page_id=835"},"modified":"2020-07-04T18:53:55","modified_gmt":"2020-07-04T18:53:55","slug":"aufgaben-und-ziele","status":"publish","type":"page","link":"https:\/\/schwarzachangler.de\/?page_id=835","title":{"rendered":"Aufgaben und Ziele"},"content":{"rendered":"\n<p>Fischerei gibt es im heutigen Bayern seit hier Menschen leben .<\/p>\n\n\n\n<p>Seit der Vorzeit spielte die Fischerei neben der Jagd eine entscheidende Rolle in der Ern\u00e4hrungsgeschichte der Menschheit.  <\/p>\n\n\n\n<p>Um eine \u00dcberfischung oder andere Sch\u00e4digungen der Fischerei zu vermeiden, wurden seit dem ausgehenden Mittelalter zahlreiche Fischereiordnungen erlassen, die immer wieder erneuert wurden.<\/p>\n\n\n\n<figure class=\"wp-block-image size-large is-resized\"><img loading=\"lazy\" decoding=\"async\" src=\"https:\/\/schwarzachangler.de\/wp-content\/uploads\/2020\/05\/300px-Codex_Manesse_Fischer.jpg\" alt=\"\" class=\"wp-image-880\" width=\"222\" height=\"303\" srcset=\"https:\/\/schwarzachangler.de\/wp-content\/uploads\/2020\/05\/300px-Codex_Manesse_Fischer.jpg 300w, https:\/\/schwarzachangler.de\/wp-content\/uploads\/2020\/05\/300px-Codex_Manesse_Fischer-220x300.jpg 220w\" sizes=\"(max-width: 222px) 100vw, 222px\" \/><\/figure>\n\n\n\n<p>Mit der Konkurrenz um die Nutzung der Fl\u00fcsse im <strong>Industriezeitalter<\/strong> entstanden moderne Interessenverb\u00e4nde, die sich seitdem um das Fischereiwesen bem\u00fchen.<\/p>\n\n\n\n<p>Seit der Mitte des 19. Jahrhunderts entstanden\ndie ersten Fischereivereine.<\/p>\n\n\n\n<figure class=\"wp-block-image size-large is-resized\"><img loading=\"lazy\" decoding=\"async\" src=\"https:\/\/schwarzachangler.de\/wp-content\/uploads\/2020\/05\/300px-Artikel_45343_bilder_value_9_fischerei9.jpg\" alt=\"\" class=\"wp-image-881\" width=\"206\" height=\"345\" srcset=\"https:\/\/schwarzachangler.de\/wp-content\/uploads\/2020\/05\/300px-Artikel_45343_bilder_value_9_fischerei9.jpg 300w, https:\/\/schwarzachangler.de\/wp-content\/uploads\/2020\/05\/300px-Artikel_45343_bilder_value_9_fischerei9-179x300.jpg 179w\" sizes=\"(max-width: 206px) 100vw, 206px\" \/><\/figure>\n\n\n\n<p>Den Vereinen war die Sorge um den R\u00fcckgang der Fischpopulation und der Erhalt der nat\u00fcrlichkeit der Gew\u00e4sser gemeinsam. Um diese zu sch\u00fctzen wurden Mindestma\u00dfe f\u00fcr Fische festgelegt, verschiedene Fangmethoden und Ger\u00e4te verboten sowie Schonzeiten ausgesprochen.<\/p>\n\n\n\n<p>Der Fischereiverein Forchheim-Oberm\u00e4ssing e.V. k\u00fcmmert sich seit seiner Gr\u00fcndung 1980 um die Belange der Fischerei, den Erhalt unserer Gew\u00e4sser, um F\u00f6rderung der Best\u00e4nde und um den Besatz der Gew\u00e4sser mit Jungfischen.&nbsp;<\/p>\n\n\n\n<p>Hieraus leitet sich auch der Zweck des Vereins ab, welcher in unserer der Satzung festgeschrieben ist:<\/p>\n\n\n\n<p><em><strong>Der Zweck des Vereins ist die F\u00f6rderung des Naturschutzes und der Landschaftspflege durch Hege und Pflege des Fischbestandes in den Gew\u00e4ssern in Verbindung mit Ma\u00dfnahmen zum Schutz und zur Reinhaltung dieser Gew\u00e4sser sowie die Erhaltung der Sch\u00f6nheit und Urspr\u00fcnglichkeit der Gew\u00e4sser.<\/strong> <\/em><\/p>\n\n\n\n<p>Der Fischereiverein und seine Mitglieder sorgen mit Artenhilfsprogrammen und strengen Fangbestimmungen f\u00fcr einen gesunden Fischbestand und den Schutz unserer nat\u00fcrlichen Gew\u00e4sser. <\/p>\n\n\n\n<p><\/p>\n\n\n\n<hr class=\"wp-block-separator\"\/>\n\n\n\n<p> Damit der Fortbestand der Fischerei gesichert werden kann, ist zudem eine gute  Nachwuchs- und Jugendarbeit notwendig.&nbsp; <\/p>\n\n\n\n<figure class=\"wp-block-gallery columns-2 is-cropped wp-block-gallery-1 is-layout-flex wp-block-gallery-is-layout-flex\"><ul class=\"blocks-gallery-grid\"><li class=\"blocks-gallery-item\"><figure><img loading=\"lazy\" decoding=\"async\" width=\"1024\" height=\"768\" src=\"https:\/\/schwarzachangler.de\/wp-content\/uploads\/2020\/05\/IFHZ2952-1-1024x768.jpg\" alt=\"\" data-id=\"883\" class=\"wp-image-883\" srcset=\"https:\/\/schwarzachangler.de\/wp-content\/uploads\/2020\/05\/IFHZ2952-1-1024x768.jpg 1024w, https:\/\/schwarzachangler.de\/wp-content\/uploads\/2020\/05\/IFHZ2952-1-300x225.jpg 300w, https:\/\/schwarzachangler.de\/wp-content\/uploads\/2020\/05\/IFHZ2952-1-768x576.jpg 768w, https:\/\/schwarzachangler.de\/wp-content\/uploads\/2020\/05\/IFHZ2952-1-1536x1152.jpg 1536w, https:\/\/schwarzachangler.de\/wp-content\/uploads\/2020\/05\/IFHZ2952-1.jpg 1600w\" sizes=\"(max-width: 706px) 89vw, (max-width: 767px) 82vw, 740px\" \/><\/figure><\/li><li class=\"blocks-gallery-item\"><figure><img loading=\"lazy\" decoding=\"async\" width=\"1024\" height=\"768\" src=\"https:\/\/schwarzachangler.de\/wp-content\/uploads\/2020\/05\/10-J\u00e4hrigen-Jugendcamp-mit-Berti-Bovens-2008-2-1024x768.jpg\" alt=\"\" data-id=\"884\" data-full-url=\"https:\/\/schwarzachangler.de\/wp-content\/uploads\/2020\/05\/10-J\u00e4hrigen-Jugendcamp-mit-Berti-Bovens-2008-2-scaled.jpg\" data-link=\"https:\/\/schwarzachangler.de\/?attachment_id=884\" class=\"wp-image-884\" srcset=\"https:\/\/schwarzachangler.de\/wp-content\/uploads\/2020\/05\/10-J\u00e4hrigen-Jugendcamp-mit-Berti-Bovens-2008-2-1024x768.jpg 1024w, https:\/\/schwarzachangler.de\/wp-content\/uploads\/2020\/05\/10-J\u00e4hrigen-Jugendcamp-mit-Berti-Bovens-2008-2-300x225.jpg 300w, https:\/\/schwarzachangler.de\/wp-content\/uploads\/2020\/05\/10-J\u00e4hrigen-Jugendcamp-mit-Berti-Bovens-2008-2-768x576.jpg 768w, https:\/\/schwarzachangler.de\/wp-content\/uploads\/2020\/05\/10-J\u00e4hrigen-Jugendcamp-mit-Berti-Bovens-2008-2-1536x1152.jpg 1536w, https:\/\/schwarzachangler.de\/wp-content\/uploads\/2020\/05\/10-J\u00e4hrigen-Jugendcamp-mit-Berti-Bovens-2008-2-2048x1536.jpg 2048w\" sizes=\"(max-width: 706px) 89vw, (max-width: 767px) 82vw, 740px\" \/><\/figure><\/li><\/ul><\/figure>\n\n\n\n<p>In diesem Bewusstsein legen wir gr\u00f6\u00dften Wert auf eine engagierte und aktive Fischerjugend. Unserem Verein ist es bewusst, dass Jugendliche im Vereinsleben eine tragende Rolle spielen und sp\u00e4ter einmal Verantwortung \u00fcbernehmen sollen.<\/p>\n\n\n\n<p>Wir sind daher auch bestrebt Kindern und Jugendlichen die Aus\u00fcbung der Angelfischerei nicht nur zu erm\u00f6glichen, sondern durch eine aktive Jugendarbeit diese mit dem n\u00f6tigen Wissen und der Sorgfalt gegen\u00fcber der Natur und den darin vorkommenden Lebewesen auszustatten. Insbesondere die&nbsp; Kreatur Fisch zu achten und sein Element das Wasser zu sch\u00fctzen und zu Hegen. Zielsetzung soll, neben der Leidenschaft f\u00fcr das Angeln, vor allem auch die Hinf\u00fchrung zu Natur-, Tier- und Umweltschutz sein.&nbsp;<\/p>\n\n\n\n<p>Unsere Fischerjugend  wird durch ein sehr engagiertes Team von Betreuern unterst\u00fctz, die Ihr Fachwissen an die Jugendlichen und auch Eltern gerne weitergeben.<\/p>\n\n\n\n<p><\/p>\n\n\n\n<div class=\"wp-block-image\"><figure class=\"aligncenter size-large\"><img loading=\"lazy\" decoding=\"async\" width=\"154\" height=\"97\" src=\"http:\/\/schwarzachangler.de\/wp-content\/uploads\/2020\/03\/Logo_FV_01-1-e1583783774778.jpg\" alt=\"\" class=\"wp-image-226\"\/><\/figure><\/div>\n","protected":false},"excerpt":{"rendered":"<p>Fischerei gibt es im heutigen Bayern seit hier Menschen leben . Seit der Vorzeit spielte die Fischerei neben der Jagd eine entscheidende Rolle in der Ern\u00e4hrungsgeschichte der Menschheit. Um eine \u00dcberfischung oder andere Sch\u00e4digungen der Fischerei zu vermeiden, wurden seit dem ausgehenden Mittelalter zahlreiche Fischereiordnungen erlassen, die immer wieder erneuert wurden. Mit der Konkurrenz um &hellip; <\/p>\n<p class=\"link-more\"><a href=\"https:\/\/schwarzachangler.de\/?page_id=835\" class=\"more-link\"><span class=\"screen-reader-text\">\u201eAufgaben und Ziele\u201c<\/span> weiterlesen<\/a><\/p>\n","protected":false},"author":2,"featured_media":0,"parent":63,"menu_order":1,"comment_status":"closed","ping_status":"closed","template":"","meta":{"footnotes":""},"class_list":["post-835","page","type-page","status-publish","hentry"],"_links":{"self":[{"href":"https:\/\/schwarzachangler.de\/index.php?rest_route=\/wp\/v2\/pages\/835"}],"collection":[{"href":"https:\/\/schwarzachangler.de\/index.php?rest_route=\/wp\/v2\/pages"}],"about":[{"href":"https:\/\/schwarzachangler.de\/index.php?rest_route=\/wp\/v2\/types\/page"}],"author":[{"embeddable":true,"href":"https:\/\/schwarzachangler.de\/index.php?rest_route=\/wp\/v2\/users\/2"}],"replies":[{"embeddable":true,"href":"https:\/\/schwarzachangler.de\/index.php?rest_route=%2Fwp%2Fv2%2Fcomments&post=835"}],"version-history":[{"count":13,"href":"https:\/\/schwarzachangler.de\/index.php?rest_route=\/wp\/v2\/pages\/835\/revisions"}],"predecessor-version":[{"id":938,"href":"https:\/\/schwarzachangler.de\/index.php?rest_route=\/wp\/v2\/pages\/835\/revisions\/938"}],"up":[{"embeddable":true,"href":"https:\/\/schwarzachangler.de\/index.php?rest_route=\/wp\/v2\/pages\/63"}],"wp:attachment":[{"href":"https:\/\/schwarzachangler.de\/index.php?rest_route=%2Fwp%2Fv2%2Fmedia&parent=835"}],"curies":[{"name":"wp","href":"https:\/\/api.w.org\/{rel}","templated":true}]}}