{"id":91,"date":"2020-03-07T18:03:22","date_gmt":"2020-03-07T18:03:22","guid":{"rendered":"http:\/\/schwarzachangler.de\/?page_id=91"},"modified":"2026-01-06T16:26:52","modified_gmt":"2026-01-06T16:26:52","slug":"veranstaltungen","status":"publish","type":"page","link":"https:\/\/schwarzachangler.de\/?page_id=91","title":{"rendered":"Veranstaltungen"},"content":{"rendered":"\n<p><\/p>\n\n\n\n<hr class=\"wp-block-separator has-text-color has-cyan-bluish-gray-color has-css-opacity has-cyan-bluish-gray-background-color has-background is-style-wide\"\/>\n\n\n\n<h2 class=\"wp-block-heading has-text-align-center\">Fischerfest 2026 in Forchheim<\/h2>\n\n\n\n<p>Am Sonntag, den 21.06.2026 findet wieder unser traditionelles Fischerfest in Forchheim statt. Dazu l\u00e4dt der Fischereiverein Forchheim-Oberm\u00e4ssing wieder alle herzlichst zu seinem traditionellen Fischerfest nach Forchheim ein. Am <strong>Sonntag ab 10.30 Uhr  <\/strong>gibt es wieder viele Schmankerl: Steckerlfisch, Grillspezialit\u00e4ten, Kaffee und Kuchen. Zudem findet am Nachmittag wieder ein B\u00fccherflohmarkt zu Gunsten der DKMS statt.<\/p>\n\n\n\n<p>F\u00fcr die Kleinen G\u00e4ste gibt es Bratwurstsemmeln und eine H\u00fcpfburg. F\u00fcr die gr\u00f6\u00dferen gibt es eine Pilsbar. Ein Fest an dem man Freunde trifft und dabei unsere Grillfischspezialit\u00e4ten genie\u00dfen kann.<\/p>\n\n\n\n<p>Wir freuen uns auf Euch<\/p>\n\n\n\n<p>Euer Fischereiverein Forchheim-Oberm\u00e4ssing e.V.<\/p>\n\n\n\n<figure class=\"wp-block-image size-full\"><img loading=\"lazy\" decoding=\"async\" width=\"1024\" height=\"629\" src=\"https:\/\/schwarzachangler.de\/wp-content\/uploads\/2025\/02\/20240501_Fischerfest-2024-Kopie.jpg\" alt=\"\" class=\"wp-image-1601\" srcset=\"https:\/\/schwarzachangler.de\/wp-content\/uploads\/2025\/02\/20240501_Fischerfest-2024-Kopie.jpg 1024w, https:\/\/schwarzachangler.de\/wp-content\/uploads\/2025\/02\/20240501_Fischerfest-2024-Kopie-300x184.jpg 300w, https:\/\/schwarzachangler.de\/wp-content\/uploads\/2025\/02\/20240501_Fischerfest-2024-Kopie-768x472.jpg 768w\" sizes=\"(max-width: 706px) 89vw, (max-width: 767px) 82vw, 740px\" \/><\/figure>\n\n\n\n<hr class=\"wp-block-separator has-css-opacity is-style-wide\"\/>\n\n\n\n<p><\/p>\n\n\n\n<hr class=\"wp-block-separator has-css-opacity\"\/>\n\n\n\n<h2 class=\"wp-block-heading\">&#8220;<strong>Schnupperfischen<\/strong>&#8221; f\u00fcr Kinder  im Rahmen des Ferienprogramms der Stadt Freystadt<\/h2>\n\n\n\n<p>am Samstag, den 12.09.2026 findest wieder unser Schnupperfischen f\u00fcr Kinder aus der Gro\u00dfgemeinde Freystadt statt. Hier k\u00f6nnen Kinder und Jugendliche im alter von 10-14 Jahren Ihr Gl\u00fcck mit der Angel probieren. Unsere erfahrenen Jungfischer und Jugendleiter helfen nat\u00fcrlich dabei \ud83d\ude42<\/p>\n\n\n\n<p>Anmeldung bei der Stadt Freystadt (Stichwort Ferienprogramm) erforderlich!<\/p>\n\n\n<div class=\"wp-block-image\">\n<figure class=\"aligncenter size-large is-resized\"><img loading=\"lazy\" decoding=\"async\" width=\"768\" height=\"1024\" src=\"https:\/\/schwarzachangler.de\/wp-content\/uploads\/2022\/01\/IMG-20210911-WA0009.jpg\" alt=\"\" class=\"wp-image-1322\" style=\"width:266px;height:354px\" srcset=\"https:\/\/schwarzachangler.de\/wp-content\/uploads\/2022\/01\/IMG-20210911-WA0009.jpg 768w, https:\/\/schwarzachangler.de\/wp-content\/uploads\/2022\/01\/IMG-20210911-WA0009-225x300.jpg 225w\" sizes=\"(max-width: 706px) 89vw, (max-width: 767px) 82vw, 740px\" \/><\/figure><\/div>","protected":false},"excerpt":{"rendered":"<p>Fischerfest 2026 in Forchheim Am Sonntag, den 21.06.2026 findet wieder unser traditionelles Fischerfest in Forchheim statt. Dazu l\u00e4dt der Fischereiverein Forchheim-Oberm\u00e4ssing wieder alle herzlichst zu seinem traditionellen Fischerfest nach Forchheim ein. Am Sonntag ab 10.30 Uhr gibt es wieder viele Schmankerl: Steckerlfisch, Grillspezialit\u00e4ten, Kaffee und Kuchen. Zudem findet am Nachmittag wieder ein B\u00fccherflohmarkt zu Gunsten &hellip; <\/p>\n<p class=\"link-more\"><a href=\"https:\/\/schwarzachangler.de\/?page_id=91\" class=\"more-link\"><span class=\"screen-reader-text\">\u201eVeranstaltungen\u201c<\/span> weiterlesen<\/a><\/p>\n","protected":false},"author":1,"featured_media":0,"parent":63,"menu_order":0,"comment_status":"closed","ping_status":"closed","template":"","meta":{"footnotes":""},"class_list":["post-91","page","type-page","status-publish","hentry"],"_links":{"self":[{"href":"https:\/\/schwarzachangler.de\/index.php?rest_route=\/wp\/v2\/pages\/91"}],"collection":[{"href":"https:\/\/schwarzachangler.de\/index.php?rest_route=\/wp\/v2\/pages"}],"about":[{"href":"https:\/\/schwarzachangler.de\/index.php?rest_route=\/wp\/v2\/types\/page"}],"author":[{"embeddable":true,"href":"https:\/\/schwarzachangler.de\/index.php?rest_route=\/wp\/v2\/users\/1"}],"replies":[{"embeddable":true,"href":"https:\/\/schwarzachangler.de\/index.php?rest_route=%2Fwp%2Fv2%2Fcomments&post=91"}],"version-history":[{"count":16,"href":"https:\/\/schwarzachangler.de\/index.php?rest_route=\/wp\/v2\/pages\/91\/revisions"}],"predecessor-version":[{"id":1665,"href":"https:\/\/schwarzachangler.de\/index.php?rest_route=\/wp\/v2\/pages\/91\/revisions\/1665"}],"up":[{"embeddable":true,"href":"https:\/\/schwarzachangler.de\/index.php?rest_route=\/wp\/v2\/pages\/63"}],"wp:attachment":[{"href":"https:\/\/schwarzachangler.de\/index.php?rest_route=%2Fwp%2Fv2%2Fmedia&parent=91"}],"curies":[{"name":"wp","href":"https:\/\/api.w.org\/{rel}","templated":true}]}}