{"id":96,"date":"2020-03-07T18:07:07","date_gmt":"2020-03-07T18:07:07","guid":{"rendered":"http:\/\/schwarzachangler.de\/?page_id=96"},"modified":"2020-03-13T20:22:36","modified_gmt":"2020-03-13T20:22:36","slug":"schwarzach-bei-obermaessing","status":"publish","type":"page","link":"https:\/\/schwarzachangler.de\/?page_id=96","title":{"rendered":"Schwarzach bei Oberm\u00e4ssing"},"content":{"rendered":"\n<div class=\"wp-block-columns is-layout-flex wp-container-core-columns-is-layout-1 wp-block-columns-is-layout-flex\">\n<div class=\"wp-block-column is-layout-flow wp-block-column-is-layout-flow\" style=\"flex-basis:33.33%\">\n<p>Hecht, Karpfen, Schleie, Aal, Brachse,&nbsp; Zander,&nbsp;\nAitel, Barbe, Wei\u00dffisch,\nBarsch, Rotauge gehen hier an den Haken.<\/p>\n\n\n\n<p>Unser Angelrevier erstreckt sich von der Br\u00fccke im Ort\nOberm\u00e4ssing bis zur Kapelle vor der Wirthsm\u00fchle. Weiter darf auf der rechten Seite des Fl\u00fcsschens bis kurz\nvor die Wirthsm\u00fchle genangelt werden.<\/p>\n<\/div>\n\n\n\n<div class=\"wp-block-column is-layout-flow wp-block-column-is-layout-flow\" style=\"flex-basis:66.66%\">\n<figure class=\"wp-block-image size-large\"><img loading=\"lazy\" decoding=\"async\" width=\"356\" height=\"545\" src=\"http:\/\/schwarzachangler.de\/wp-content\/uploads\/2020\/03\/HP_Schwarzach-Obermaessing-01-1.png\" alt=\"\" class=\"wp-image-449\" srcset=\"https:\/\/schwarzachangler.de\/wp-content\/uploads\/2020\/03\/HP_Schwarzach-Obermaessing-01-1.png 356w, https:\/\/schwarzachangler.de\/wp-content\/uploads\/2020\/03\/HP_Schwarzach-Obermaessing-01-1-196x300.png 196w\" sizes=\"(max-width: 356px) 100vw, 356px\" \/><figcaption>Schwarzach bei Oberm\u00e4ssing<\/figcaption><\/figure>\n<\/div>\n<\/div>\n\n\n\n<div class=\"wp-block-columns is-layout-flex wp-container-core-columns-is-layout-2 wp-block-columns-is-layout-flex\">\n<div class=\"wp-block-column is-layout-flow wp-block-column-is-layout-flow\" style=\"flex-basis:33.33%\">\n<p><strong>Hinweise:<\/strong><\/p>\n\n\n\n<p>Raubfisch frei vom 01.05. &nbsp;bis 31.12.\n<\/p>\n\n\n\n<p>Befahren der Wiesen nicht gestattet!<\/p>\n\n\n\n<p>Tageskarten f\u00fcr Gastfischer 10,00\u20ac. <\/p>\n<\/div>\n\n\n\n<div class=\"wp-block-column is-layout-flow wp-block-column-is-layout-flow\" style=\"flex-basis:66.66%\">\n<figure class=\"wp-block-image size-large\"><img loading=\"lazy\" decoding=\"async\" width=\"420\" height=\"640\" src=\"http:\/\/schwarzachangler.de\/wp-content\/uploads\/2020\/03\/HP_Schwarzach-Obermaessing-Landkarte.png\" alt=\"\" class=\"wp-image-361\" srcset=\"https:\/\/schwarzachangler.de\/wp-content\/uploads\/2020\/03\/HP_Schwarzach-Obermaessing-Landkarte.png 420w, https:\/\/schwarzachangler.de\/wp-content\/uploads\/2020\/03\/HP_Schwarzach-Obermaessing-Landkarte-197x300.png 197w\" sizes=\"(max-width: 420px) 100vw, 420px\" \/><figcaption>Gew\u00e4sserstrecke<\/figcaption><\/figure>\n<\/div>\n<\/div>\n","protected":false},"excerpt":{"rendered":"<p>Hecht, Karpfen, Schleie, Aal, Brachse,&nbsp; Zander,&nbsp; Aitel, Barbe, Wei\u00dffisch, Barsch, Rotauge gehen hier an den Haken. Unser Angelrevier erstreckt sich von der Br\u00fccke im Ort Oberm\u00e4ssing bis zur Kapelle vor der Wirthsm\u00fchle. Weiter darf auf der rechten Seite des Fl\u00fcsschens bis kurz vor die Wirthsm\u00fchle genangelt werden. Hinweise: Raubfisch frei vom 01.05. &nbsp;bis 31.12. Befahren &hellip; <\/p>\n<p class=\"link-more\"><a href=\"https:\/\/schwarzachangler.de\/?page_id=96\" class=\"more-link\"><span class=\"screen-reader-text\">\u201eSchwarzach bei Oberm\u00e4ssing\u201c<\/span> weiterlesen<\/a><\/p>\n","protected":false},"author":1,"featured_media":0,"parent":18,"menu_order":0,"comment_status":"closed","ping_status":"closed","template":"","meta":{"footnotes":""},"class_list":["post-96","page","type-page","status-publish","hentry"],"_links":{"self":[{"href":"https:\/\/schwarzachangler.de\/index.php?rest_route=\/wp\/v2\/pages\/96"}],"collection":[{"href":"https:\/\/schwarzachangler.de\/index.php?rest_route=\/wp\/v2\/pages"}],"about":[{"href":"https:\/\/schwarzachangler.de\/index.php?rest_route=\/wp\/v2\/types\/page"}],"author":[{"embeddable":true,"href":"https:\/\/schwarzachangler.de\/index.php?rest_route=\/wp\/v2\/users\/1"}],"replies":[{"embeddable":true,"href":"https:\/\/schwarzachangler.de\/index.php?rest_route=%2Fwp%2Fv2%2Fcomments&post=96"}],"version-history":[{"count":4,"href":"https:\/\/schwarzachangler.de\/index.php?rest_route=\/wp\/v2\/pages\/96\/revisions"}],"predecessor-version":[{"id":452,"href":"https:\/\/schwarzachangler.de\/index.php?rest_route=\/wp\/v2\/pages\/96\/revisions\/452"}],"up":[{"embeddable":true,"href":"https:\/\/schwarzachangler.de\/index.php?rest_route=\/wp\/v2\/pages\/18"}],"wp:attachment":[{"href":"https:\/\/schwarzachangler.de\/index.php?rest_route=%2Fwp%2Fv2%2Fmedia&parent=96"}],"curies":[{"name":"wp","href":"https:\/\/api.w.org\/{rel}","templated":true}]}}